{"id":9384,"date":"2023-07-30T23:21:56","date_gmt":"2023-07-30T23:21:56","guid":{"rendered":"https:\/\/www.hundadot.is\/?post_type=product&#038;p=9384"},"modified":"2023-07-30T23:21:57","modified_gmt":"2023-07-30T23:21:57","slug":"syningarsett","status":"publish","type":"product","link":"https:\/\/www.hundadot.is\/en\/allar-vorur\/utivera\/thjalfun\/syningarsett\/","title":{"rendered":"Display set"},"content":{"rendered":"<p><strong style=\"font-size: 16px\">Size:<\/strong><span style=\"font-size: 16px\">\u00a011.5*11CM;<\/span><\/p>\n<div class=\"woocommerce-tabs wc-tabs-wrapper\">\n<div id=\"tab-description\" class=\"woocommerce-Tabs-panel woocommerce-Tabs-panel--description panel entry-content wc-tab\" role=\"tabpanel\" aria-labelledby=\"tab-title-description\">\n<p><strong>Weight:<\/strong>\u00a015g;<\/p>\n<p><strong>Material<\/strong>: environmentally friendly PVC + polyester ribbon<\/p>\n<hr \/>\n<p>Beautiful and soft nylon show leashes.<\/p>\n<p>The show leashes come in four colors, black, brown, beige and blue.<\/p>\n<p>The show leashes come in one length of 1.3 m and in three widths 6mm, 8mm, 10mm.<\/p>\n<hr \/>\n<p>Large and comfortable dog treat bag.<\/p>\n<p>Comes in two colors orange and yellow.<\/p>\n<p>The circumference of the bag is L 7 cm and W 7 cm.<\/p>\n<\/div>\n<\/div>","protected":false},"excerpt":{"rendered":"<p>St\u00e6r\u00f0:\u00a011.5 * 11CM; \u00deyngd:\u00a015g; Efni: environmentally friendly PVC + polyester ribbon Fallegir og mj\u00fakir s\u00fdningartaumar \u00far nylon. S\u00fdningartaumarnir koma \u00ed fj\u00f3rum litum, sv\u00f6rtum, br\u00fanum, drapplitu\u00f0um og bl\u00e1um. S\u00fdningartaumarnir koma \u00ed einni lengd 1,3 m og\u00a0 \u00ed \u00feremur sverleikum 6mm , 8mm , 10mm. St\u00f3r og \u00fe\u00e6gileg hundanammi taska. Kemur \u00ed tveimur litum appels\u00ednugulum og gulum. [&hellip;]<\/p>\n","protected":false},"featured_media":6736,"comment_status":"open","ping_status":"closed","template":"","meta":{"site-sidebar-layout":"default","site-content-layout":"default","ast-site-content-layout":"default","site-content-style":"default","site-sidebar-style":"default","ast-global-header-display":"","ast-banner-title-visibility":"","ast-main-header-display":"","ast-hfb-above-header-display":"","ast-hfb-below-header-display":"","ast-hfb-mobile-header-display":"","site-post-title":"","ast-breadcrumbs-content":"","ast-featured-img":"","footer-sml-layout":"","ast-disable-related-posts":"","theme-transparent-header-meta":"default","adv-header-id-meta":"","stick-header-meta":"","header-above-stick-meta":"","header-main-stick-meta":"","header-below-stick-meta":"","astra-migrate-meta-layouts":"default","ast-page-background-enabled":"default","ast-page-background-meta":{"desktop":{"background-color":"","background-image":"","background-repeat":"repeat","background-position":"center center","background-size":"auto","background-attachment":"scroll","background-type":"","background-media":"","overlay-type":"","overlay-color":"","overlay-opacity":"","overlay-gradient":""},"tablet":{"background-color":"","background-image":"","background-repeat":"repeat","background-position":"center center","background-size":"auto","background-attachment":"scroll","background-type":"","background-media":"","overlay-type":"","overlay-color":"","overlay-opacity":"","overlay-gradient":""},"mobile":{"background-color":"","background-image":"","background-repeat":"repeat","background-position":"center center","background-size":"auto","background-attachment":"scroll","background-type":"","background-media":"","overlay-type":"","overlay-color":"","overlay-opacity":"","overlay-gradient":""}},"ast-content-background-meta":{"desktop":{"background-color":"var(--ast-global-color-5)","background-image":"","background-repeat":"repeat","background-position":"center center","background-size":"auto","background-attachment":"scroll","background-type":"","background-media":"","overlay-type":"","overlay-color":"","overlay-opacity":"","overlay-gradient":""},"tablet":{"background-color":"var(--ast-global-color-5)","background-image":"","background-repeat":"repeat","background-position":"center center","background-size":"auto","background-attachment":"scroll","background-type":"","background-media":"","overlay-type":"","overlay-color":"","overlay-opacity":"","overlay-gradient":""},"mobile":{"background-color":"var(--ast-global-color-5)","background-image":"","background-repeat":"repeat","background-position":"center center","background-size":"auto","background-attachment":"scroll","background-type":"","background-media":"","overlay-type":"","overlay-color":"","overlay-opacity":"","overlay-gradient":""}}},"product_brand":[],"product_cat":[59,318,56],"product_tag":[],"class_list":{"0":"post-9384","1":"product","2":"type-product","3":"status-publish","4":"has-post-thumbnail","6":"product_cat-allar-vorur","7":"product_cat-tilbods-pakkar","8":"product_cat-thjalfun","9":"desktop-align-left","10":"tablet-align-left","11":"mobile-align-left","13":"first","14":"instock","15":"taxable","16":"shipping-taxable","17":"purchasable","18":"product-type-easy_product_bundle"},"supplier_id":null,"supplier_sku":"","barcode":null,"atum_controlled":true,"out_stock_date":null,"out_stock_threshold":null,"inheritable":false,"inbound_stock":null,"stock_on_hold":0,"sold_today":0,"sales_last_days":0,"reserved_stock":null,"customer_returns":null,"warehouse_damage":null,"lost_in_post":null,"other_logs":null,"out_stock_days":0,"lost_sales":0,"has_location":null,"update_date":"2026-04-17T09:56:10","atum_locations":[],"atum_stock_status":"instock","restock_status":false,"low_stock_amount":"","sales_update_date":"2026-04-17T09:56:10","calc_backorders":null,"_links":{"self":[{"href":"https:\/\/www.hundadot.is\/en\/wp-json\/wp\/v2\/product\/9384","targetHints":{"allow":["GET"]}}],"collection":[{"href":"https:\/\/www.hundadot.is\/en\/wp-json\/wp\/v2\/product"}],"about":[{"href":"https:\/\/www.hundadot.is\/en\/wp-json\/wp\/v2\/types\/product"}],"replies":[{"embeddable":true,"href":"https:\/\/www.hundadot.is\/en\/wp-json\/wp\/v2\/comments?post=9384"}],"wp:featuredmedia":[{"embeddable":true,"href":"https:\/\/www.hundadot.is\/en\/wp-json\/wp\/v2\/media\/6736"}],"wp:attachment":[{"href":"https:\/\/www.hundadot.is\/en\/wp-json\/wp\/v2\/media?parent=9384"}],"wp:term":[{"taxonomy":"product_brand","embeddable":true,"href":"https:\/\/www.hundadot.is\/en\/wp-json\/wp\/v2\/product_brand?post=9384"},{"taxonomy":"product_cat","embeddable":true,"href":"https:\/\/www.hundadot.is\/en\/wp-json\/wp\/v2\/product_cat?post=9384"},{"taxonomy":"product_tag","embeddable":true,"href":"https:\/\/www.hundadot.is\/en\/wp-json\/wp\/v2\/product_tag?post=9384"}],"curies":[{"name":"wp","href":"https:\/\/api.w.org\/{rel}","templated":true}]}}