{"id":9372,"date":"2023-07-30T17:37:49","date_gmt":"2023-07-30T17:37:49","guid":{"rendered":"https:\/\/www.hundadot.is\/?post_type=product&#038;p=9372"},"modified":"2025-07-21T09:25:25","modified_gmt":"2025-07-21T09:25:25","slug":"truelove-bilbelti-og-oryggis-festing","status":"publish","type":"product","link":"https:\/\/www.hundadot.is\/en\/allar-vorur\/allar-vorur\/vorumerki\/truelove\/truelove-bilbelti-og-oryggis-festing\/","title":{"rendered":"Truelove Seat belt and safety harness"},"content":{"rendered":"<p>A specially designed car harness to keep your dog in when secured with a car seat belt. On top of the harness are two nylon handles and two aluminum rings. The car seat belt goes through the handles. It can also be attached with a seat belt strap or a specially sold seat belt through the aluminum rings on the car harness.<\/p>\n<p>The harness passed standard crash testing by US authorities.<\/p>\n<p>The car harness can also be used as a cooling vest on hot summer days. Soak the harness with cold water and since the material in the harness absorbs the water well, you don&#039;t need to wring it out much. The car harness has a double zipper, it&#039;s nice to have the harness tight when using it in the car, but it&#039;s good to have a little more room when using it as a cooling vest.<\/p>\n<p>Comes in five sizes (measurements are taken across the dog&#039;s chest)<\/p>\n<p>XS 37-44 cm, S 45-51 cm, M 52-61 cm, L 62-71 cm, XL 71-82 cm<\/p>\n<hr \/>\n<pre id=\"tw-target-text\" class=\"tw-data-text tw-text-large tw-ta\" dir=\"ltr\" data-placeholder=\"\u00de\u00fd\u00f0ing\"><span class=\"Y2IQFc\" lang=\"is\">Car Seat Belt Hook Type: Pet Car Seat Belt Material: Aluminum Alloy Color: Black<\/span><\/pre>","protected":false},"excerpt":{"rendered":"<p>S\u00e9rhanna\u00f0 b\u00edlabeisli til a\u00f0 hafa hundinn \u00ed \u00feegar hann er festur me\u00f0 b\u00edlbelti. Ofan \u00e1 beislinu eru tv\u00f6 nylon handf\u00f6ng og tveir \u00e1lhringir. B\u00edlbelti\u00f0 fer \u00ed gegnum handf\u00f6ngin. Einnig er h\u00e6gt a\u00f0 festa me\u00f0 \u00f6ryggisbeltistaum e\u00f0a s\u00e9rseldu \u00f6ryggisbelti \u00ed gegnum \u00e1lhringina \u00e1 b\u00edlabeislinu. Beisli\u00f0 st\u00f3\u00f0st sta\u00f0la\u00f0a \u00e1rekstrapr\u00f3fun af bandar\u00edskum yfirv\u00f6ldum. B\u00edlabeilsi\u00f0 er einnig h\u00e6gt a\u00f0 [&hellip;]<\/p>\n","protected":false},"featured_media":7548,"comment_status":"open","ping_status":"closed","template":"","meta":{"site-sidebar-layout":"default","site-content-layout":"default","ast-site-content-layout":"default","site-content-style":"default","site-sidebar-style":"default","ast-global-header-display":"","ast-banner-title-visibility":"","ast-main-header-display":"","ast-hfb-above-header-display":"","ast-hfb-below-header-display":"","ast-hfb-mobile-header-display":"","site-post-title":"","ast-breadcrumbs-content":"","ast-featured-img":"","footer-sml-layout":"","ast-disable-related-posts":"","theme-transparent-header-meta":"default","adv-header-id-meta":"","stick-header-meta":"","header-above-stick-meta":"","header-main-stick-meta":"","header-below-stick-meta":"","astra-migrate-meta-layouts":"default","ast-page-background-enabled":"default","ast-page-background-meta":{"desktop":{"background-color":"","background-image":"","background-repeat":"repeat","background-position":"center center","background-size":"auto","background-attachment":"scroll","background-type":"","background-media":"","overlay-type":"","overlay-color":"","overlay-opacity":"","overlay-gradient":""},"tablet":{"background-color":"","background-image":"","background-repeat":"repeat","background-position":"center center","background-size":"auto","background-attachment":"scroll","background-type":"","background-media":"","overlay-type":"","overlay-color":"","overlay-opacity":"","overlay-gradient":""},"mobile":{"background-color":"","background-image":"","background-repeat":"repeat","background-position":"center center","background-size":"auto","background-attachment":"scroll","background-type":"","background-media":"","overlay-type":"","overlay-color":"","overlay-opacity":"","overlay-gradient":""}},"ast-content-background-meta":{"desktop":{"background-color":"var(--ast-global-color-5)","background-image":"","background-repeat":"repeat","background-position":"center center","background-size":"auto","background-attachment":"scroll","background-type":"","background-media":"","overlay-type":"","overlay-color":"","overlay-opacity":"","overlay-gradient":""},"tablet":{"background-color":"var(--ast-global-color-5)","background-image":"","background-repeat":"repeat","background-position":"center center","background-size":"auto","background-attachment":"scroll","background-type":"","background-media":"","overlay-type":"","overlay-color":"","overlay-opacity":"","overlay-gradient":""},"mobile":{"background-color":"var(--ast-global-color-5)","background-image":"","background-repeat":"repeat","background-position":"center center","background-size":"auto","background-attachment":"scroll","background-type":"","background-media":"","overlay-type":"","overlay-color":"","overlay-opacity":"","overlay-gradient":""}}},"product_brand":[435],"product_cat":[59,318,299,308,309],"product_tag":[],"class_list":{"0":"post-9372","1":"product","2":"type-product","3":"status-publish","4":"has-post-thumbnail","6":"product_brand-truelove","7":"product_cat-allar-vorur","8":"product_cat-tilbods-pakkar","9":"product_cat-truelove","10":"product_cat-utivera","11":"product_cat-vorumerki","12":"desktop-align-left","13":"tablet-align-left","14":"mobile-align-left","16":"first","17":"instock","18":"taxable","19":"shipping-taxable","20":"purchasable","21":"product-type-easy_product_bundle"},"supplier_id":null,"supplier_sku":"","barcode":null,"atum_controlled":true,"out_stock_date":null,"out_stock_threshold":null,"inheritable":false,"inbound_stock":null,"stock_on_hold":0,"sold_today":0,"sales_last_days":0,"reserved_stock":null,"customer_returns":null,"warehouse_damage":null,"lost_in_post":null,"other_logs":null,"out_stock_days":0,"lost_sales":0,"has_location":null,"update_date":"2026-04-17T09:59:07","atum_locations":[],"atum_stock_status":"instock","restock_status":false,"low_stock_amount":"","sales_update_date":"2026-04-17T09:59:07","calc_backorders":null,"_links":{"self":[{"href":"https:\/\/www.hundadot.is\/en\/wp-json\/wp\/v2\/product\/9372","targetHints":{"allow":["GET"]}}],"collection":[{"href":"https:\/\/www.hundadot.is\/en\/wp-json\/wp\/v2\/product"}],"about":[{"href":"https:\/\/www.hundadot.is\/en\/wp-json\/wp\/v2\/types\/product"}],"replies":[{"embeddable":true,"href":"https:\/\/www.hundadot.is\/en\/wp-json\/wp\/v2\/comments?post=9372"}],"wp:featuredmedia":[{"embeddable":true,"href":"https:\/\/www.hundadot.is\/en\/wp-json\/wp\/v2\/media\/7548"}],"wp:attachment":[{"href":"https:\/\/www.hundadot.is\/en\/wp-json\/wp\/v2\/media?parent=9372"}],"wp:term":[{"taxonomy":"product_brand","embeddable":true,"href":"https:\/\/www.hundadot.is\/en\/wp-json\/wp\/v2\/product_brand?post=9372"},{"taxonomy":"product_cat","embeddable":true,"href":"https:\/\/www.hundadot.is\/en\/wp-json\/wp\/v2\/product_cat?post=9372"},{"taxonomy":"product_tag","embeddable":true,"href":"https:\/\/www.hundadot.is\/en\/wp-json\/wp\/v2\/product_tag?post=9372"}],"curies":[{"name":"wp","href":"https:\/\/api.w.org\/{rel}","templated":true}]}}