{"id":4450,"date":"2022-02-11T12:53:01","date_gmt":"2022-02-11T12:53:01","guid":{"rendered":"https:\/\/www.hundadot.is\/?post_type=product&#038;p=4450"},"modified":"2025-12-15T20:23:43","modified_gmt":"2025-12-15T20:23:43","slug":"truelove-mittisbelti-med-hundavatnsflosku-og-endurskinsefni-fyrir-gongur-og-hlaup","status":"publish","type":"product","link":"https:\/\/www.hundadot.is\/en\/allar-vorur\/allar-vorur\/vorumerki\/truelove\/truelove-mittisbelti-med-hundavatnsflosku-og-endurskinsefni-fyrir-gongur-og-hlaup\/","title":{"rendered":"Truelove waist belt with dog water bottle and reflective material for walking and running"},"content":{"rendered":"<p><a href=\"https:\/\/www.hundadot.is\/wp-content\/uploads\/2022\/02\/HTB16U0NcPfguuRjy1zeq6z0KFXaq.jpg\"><img fetchpriority=\"high\" decoding=\"async\" class=\"alignnone size-full wp-image-4454\" src=\"https:\/\/www.hundadot.is\/wp-content\/uploads\/2022\/02\/HTB16U0NcPfguuRjy1zeq6z0KFXaq.jpg\" alt=\"Truelove mittisbelti me\u00f0 hundavatnsfl\u00f6sku og endurskinsefni fyrir g\u00f6ngur og hlaup\" width=\"800\" height=\"800\" srcset=\"https:\/\/www.hundadot.is\/wp-content\/uploads\/2022\/02\/HTB16U0NcPfguuRjy1zeq6z0KFXaq.jpg 800w, https:\/\/www.hundadot.is\/wp-content\/uploads\/2022\/02\/HTB16U0NcPfguuRjy1zeq6z0KFXaq-100x100.jpg 100w, https:\/\/www.hundadot.is\/wp-content\/uploads\/2022\/02\/HTB16U0NcPfguuRjy1zeq6z0KFXaq-150x150.jpg 150w, https:\/\/www.hundadot.is\/wp-content\/uploads\/2022\/02\/HTB16U0NcPfguuRjy1zeq6z0KFXaq-300x300.jpg 300w, https:\/\/www.hundadot.is\/wp-content\/uploads\/2022\/02\/HTB16U0NcPfguuRjy1zeq6z0KFXaq-768x768.jpg 768w, https:\/\/www.hundadot.is\/wp-content\/uploads\/2022\/02\/HTB16U0NcPfguuRjy1zeq6z0KFXaq-12x12.jpg 12w\" sizes=\"(max-width: 800px) 100vw, 800px\" \/><\/a><a href=\"https:\/\/www.hundadot.is\/wp-content\/uploads\/2022\/02\/HTB17xXFc4tnkeRjSZSgq6xAuXXaY.jpg\"><img decoding=\"async\" class=\"alignnone size-full wp-image-4448\" src=\"https:\/\/www.hundadot.is\/wp-content\/uploads\/2022\/02\/HTB17xXFc4tnkeRjSZSgq6xAuXXaY.jpg\" alt=\"Truelove mittisbelti me\u00f0 hundavatnsfl\u00f6sku og endurskinsefni fyrir g\u00f6ngur og hlaup\" width=\"750\" height=\"775\" srcset=\"https:\/\/www.hundadot.is\/wp-content\/uploads\/2022\/02\/HTB17xXFc4tnkeRjSZSgq6xAuXXaY.jpg 750w, https:\/\/www.hundadot.is\/wp-content\/uploads\/2022\/02\/HTB17xXFc4tnkeRjSZSgq6xAuXXaY-150x155.jpg 150w, https:\/\/www.hundadot.is\/wp-content\/uploads\/2022\/02\/HTB17xXFc4tnkeRjSZSgq6xAuXXaY-290x300.jpg 290w, https:\/\/www.hundadot.is\/wp-content\/uploads\/2022\/02\/HTB17xXFc4tnkeRjSZSgq6xAuXXaY-12x12.jpg 12w\" sizes=\"(max-width: 750px) 100vw, 750px\" \/><\/a> <a href=\"https:\/\/www.hundadot.is\/wp-content\/uploads\/2022\/02\/HTB1lyy3JKGSBuNjSspbq6AiipXaU.jpg\"><img decoding=\"async\" class=\"alignnone size-full wp-image-4447\" src=\"https:\/\/www.hundadot.is\/wp-content\/uploads\/2022\/02\/HTB1lyy3JKGSBuNjSspbq6AiipXaU.jpg\" alt=\"Truelove mittisbelti me\u00f0 hundavatnsfl\u00f6sku og endurskinsefni fyrir g\u00f6ngur og hlaup\" width=\"750\" height=\"637\" srcset=\"https:\/\/www.hundadot.is\/wp-content\/uploads\/2022\/02\/HTB1lyy3JKGSBuNjSspbq6AiipXaU.jpg 750w, https:\/\/www.hundadot.is\/wp-content\/uploads\/2022\/02\/HTB1lyy3JKGSBuNjSspbq6AiipXaU-150x127.jpg 150w, https:\/\/www.hundadot.is\/wp-content\/uploads\/2022\/02\/HTB1lyy3JKGSBuNjSspbq6AiipXaU-300x255.jpg 300w, https:\/\/www.hundadot.is\/wp-content\/uploads\/2022\/02\/HTB1lyy3JKGSBuNjSspbq6AiipXaU-14x12.jpg 14w\" sizes=\"(max-width: 750px) 100vw, 750px\" \/><\/a> <a href=\"https:\/\/www.hundadot.is\/wp-content\/uploads\/2022\/02\/HTB1jE8bm8jTBKNjSZFuq6z0HFXa3.jpg\"><img loading=\"lazy\" decoding=\"async\" class=\"alignnone size-full wp-image-4446\" src=\"https:\/\/www.hundadot.is\/wp-content\/uploads\/2022\/02\/HTB1jE8bm8jTBKNjSZFuq6z0HFXa3.jpg\" alt=\"Truelove mittisbelti me\u00f0 hundavatnsfl\u00f6sku og endurskinsefni fyrir g\u00f6ngur og hlaup\" width=\"750\" height=\"413\" srcset=\"https:\/\/www.hundadot.is\/wp-content\/uploads\/2022\/02\/HTB1jE8bm8jTBKNjSZFuq6z0HFXa3.jpg 750w, https:\/\/www.hundadot.is\/wp-content\/uploads\/2022\/02\/HTB1jE8bm8jTBKNjSZFuq6z0HFXa3-150x83.jpg 150w, https:\/\/www.hundadot.is\/wp-content\/uploads\/2022\/02\/HTB1jE8bm8jTBKNjSZFuq6z0HFXa3-300x165.jpg 300w, https:\/\/www.hundadot.is\/wp-content\/uploads\/2022\/02\/HTB1jE8bm8jTBKNjSZFuq6z0HFXa3-18x10.jpg 18w\" sizes=\"(max-width: 750px) 100vw, 750px\" \/><\/a> <a href=\"https:\/\/www.hundadot.is\/wp-content\/uploads\/2022\/02\/HTB1nWMymTqWBKNjSZFAq6ynSpXaW.jpg\"><img loading=\"lazy\" decoding=\"async\" class=\"alignnone size-full wp-image-4445\" src=\"https:\/\/www.hundadot.is\/wp-content\/uploads\/2022\/02\/HTB1nWMymTqWBKNjSZFAq6ynSpXaW.jpg\" alt=\"Truelove mittisbelti me\u00f0 hundavatnsfl\u00f6sku og endurskinsefni fyrir g\u00f6ngur og hlaup\" width=\"750\" height=\"979\" srcset=\"https:\/\/www.hundadot.is\/wp-content\/uploads\/2022\/02\/HTB1nWMymTqWBKNjSZFAq6ynSpXaW.jpg 750w, https:\/\/www.hundadot.is\/wp-content\/uploads\/2022\/02\/HTB1nWMymTqWBKNjSZFAq6ynSpXaW-150x196.jpg 150w, https:\/\/www.hundadot.is\/wp-content\/uploads\/2022\/02\/HTB1nWMymTqWBKNjSZFAq6ynSpXaW-230x300.jpg 230w, https:\/\/www.hundadot.is\/wp-content\/uploads\/2022\/02\/HTB1nWMymTqWBKNjSZFAq6ynSpXaW-9x12.jpg 9w\" sizes=\"(max-width: 750px) 100vw, 750px\" \/><\/a> <a href=\"https:\/\/www.hundadot.is\/wp-content\/uploads\/2022\/02\/HTB1wqUwJQOWBuNjSsppq6xPgpXam.jpg\"><img loading=\"lazy\" decoding=\"async\" class=\"alignnone size-full wp-image-4444\" src=\"https:\/\/www.hundadot.is\/wp-content\/uploads\/2022\/02\/HTB1wqUwJQOWBuNjSsppq6xPgpXam.jpg\" alt=\"Truelove mittisbelti me\u00f0 hundavatnsfl\u00f6sku og endurskinsefni fyrir g\u00f6ngur og hlaup\" width=\"750\" height=\"599\" srcset=\"https:\/\/www.hundadot.is\/wp-content\/uploads\/2022\/02\/HTB1wqUwJQOWBuNjSsppq6xPgpXam.jpg 750w, https:\/\/www.hundadot.is\/wp-content\/uploads\/2022\/02\/HTB1wqUwJQOWBuNjSsppq6xPgpXam-150x120.jpg 150w, https:\/\/www.hundadot.is\/wp-content\/uploads\/2022\/02\/HTB1wqUwJQOWBuNjSsppq6xPgpXam-300x240.jpg 300w, https:\/\/www.hundadot.is\/wp-content\/uploads\/2022\/02\/HTB1wqUwJQOWBuNjSsppq6xPgpXam-15x12.jpg 15w\" sizes=\"(max-width: 750px) 100vw, 750px\" \/><\/a> <a href=\"https:\/\/www.hundadot.is\/wp-content\/uploads\/2022\/02\/HTB1kEn8JN1YBuNjy1zcq6zNcXXao.jpg\"><img loading=\"lazy\" decoding=\"async\" class=\"alignnone size-full wp-image-4443\" src=\"https:\/\/www.hundadot.is\/wp-content\/uploads\/2022\/02\/HTB1kEn8JN1YBuNjy1zcq6zNcXXao.jpg\" alt=\"Truelove mittisbelti me\u00f0 hundavatnsfl\u00f6sku og endurskinsefni fyrir g\u00f6ngur og hlaup\" width=\"750\" height=\"982\" srcset=\"https:\/\/www.hundadot.is\/wp-content\/uploads\/2022\/02\/HTB1kEn8JN1YBuNjy1zcq6zNcXXao.jpg 750w, https:\/\/www.hundadot.is\/wp-content\/uploads\/2022\/02\/HTB1kEn8JN1YBuNjy1zcq6zNcXXao-150x196.jpg 150w, https:\/\/www.hundadot.is\/wp-content\/uploads\/2022\/02\/HTB1kEn8JN1YBuNjy1zcq6zNcXXao-229x300.jpg 229w, https:\/\/www.hundadot.is\/wp-content\/uploads\/2022\/02\/HTB1kEn8JN1YBuNjy1zcq6zNcXXao-9x12.jpg 9w\" sizes=\"(max-width: 750px) 100vw, 750px\" \/><\/a> <a href=\"https:\/\/www.hundadot.is\/wp-content\/uploads\/2022\/02\/HTB1mP77mHArBKNjSZFLq6A_dVXaA.jpg\"><img loading=\"lazy\" decoding=\"async\" class=\"alignnone size-full wp-image-4442\" src=\"https:\/\/www.hundadot.is\/wp-content\/uploads\/2022\/02\/HTB1mP77mHArBKNjSZFLq6A_dVXaA.jpg\" alt=\"Truelove mittisbelti me\u00f0 hundavatnsfl\u00f6sku og endurskinsefni fyrir g\u00f6ngur og hlaup\" width=\"750\" height=\"542\" srcset=\"https:\/\/www.hundadot.is\/wp-content\/uploads\/2022\/02\/HTB1mP77mHArBKNjSZFLq6A_dVXaA.jpg 750w, https:\/\/www.hundadot.is\/wp-content\/uploads\/2022\/02\/HTB1mP77mHArBKNjSZFLq6A_dVXaA-150x108.jpg 150w, https:\/\/www.hundadot.is\/wp-content\/uploads\/2022\/02\/HTB1mP77mHArBKNjSZFLq6A_dVXaA-300x217.jpg 300w, https:\/\/www.hundadot.is\/wp-content\/uploads\/2022\/02\/HTB1mP77mHArBKNjSZFLq6A_dVXaA-18x12.jpg 18w\" sizes=\"(max-width: 750px) 100vw, 750px\" \/><\/a><\/p>","protected":false},"excerpt":{"rendered":"<p><a href=\"https:\/\/www.hundadot.is\/wp-content\/uploads\/2022\/02\/HTB1HIL.bH3nBKNjSZFMq6yUSFXaL.webp\"><img loading=\"lazy\" decoding=\"async\" class=\"alignnone size-full wp-image-4457\" src=\"https:\/\/www.hundadot.is\/wp-content\/uploads\/2022\/02\/HTB1HIL.bH3nBKNjSZFMq6yUSFXaL.webp\" alt=\"Truelove mittisbelti me\u00f0 hundavatnsfl\u00f6sku og endurskinsefni fyrir g\u00f6ngur og hlaup\" width=\"750\" height=\"497\" srcset=\"https:\/\/www.hundadot.is\/wp-content\/uploads\/2022\/02\/HTB1HIL.bH3nBKNjSZFMq6yUSFXaL.webp 750w, https:\/\/www.hundadot.is\/wp-content\/uploads\/2022\/02\/HTB1HIL.bH3nBKNjSZFMq6yUSFXaL-150x99.webp 150w, https:\/\/www.hundadot.is\/wp-content\/uploads\/2022\/02\/HTB1HIL.bH3nBKNjSZFMq6yUSFXaL-300x199.webp 300w, https:\/\/www.hundadot.is\/wp-content\/uploads\/2022\/02\/HTB1HIL.bH3nBKNjSZFMq6yUSFXaL-18x12.webp 18w\" sizes=\"(max-width: 750px) 100vw, 750px\" \/><\/a><\/p>","protected":false},"featured_media":4449,"comment_status":"open","ping_status":"closed","template":"","meta":{"site-sidebar-layout":"default","site-content-layout":"default","ast-site-content-layout":"default","site-content-style":"default","site-sidebar-style":"default","ast-global-header-display":"","ast-banner-title-visibility":"","ast-main-header-display":"","ast-hfb-above-header-display":"","ast-hfb-below-header-display":"","ast-hfb-mobile-header-display":"","site-post-title":"","ast-breadcrumbs-content":"","ast-featured-img":"","footer-sml-layout":"","ast-disable-related-posts":"","theme-transparent-header-meta":"default","adv-header-id-meta":"","stick-header-meta":"","header-above-stick-meta":"","header-main-stick-meta":"","header-below-stick-meta":"","astra-migrate-meta-layouts":"default","ast-page-background-enabled":"default","ast-page-background-meta":{"desktop":{"background-color":"","background-image":"","background-repeat":"repeat","background-position":"center center","background-size":"auto","background-attachment":"scroll","background-type":"","background-media":"","overlay-type":"","overlay-color":"","overlay-opacity":"","overlay-gradient":""},"tablet":{"background-color":"","background-image":"","background-repeat":"repeat","background-position":"center center","background-size":"auto","background-attachment":"scroll","background-type":"","background-media":"","overlay-type":"","overlay-color":"","overlay-opacity":"","overlay-gradient":""},"mobile":{"background-color":"","background-image":"","background-repeat":"repeat","background-position":"center center","background-size":"auto","background-attachment":"scroll","background-type":"","background-media":"","overlay-type":"","overlay-color":"","overlay-opacity":"","overlay-gradient":""}},"ast-content-background-meta":{"desktop":{"background-color":"var(--ast-global-color-5)","background-image":"","background-repeat":"repeat","background-position":"center center","background-size":"auto","background-attachment":"scroll","background-type":"","background-media":"","overlay-type":"","overlay-color":"","overlay-opacity":"","overlay-gradient":""},"tablet":{"background-color":"var(--ast-global-color-5)","background-image":"","background-repeat":"repeat","background-position":"center center","background-size":"auto","background-attachment":"scroll","background-type":"","background-media":"","overlay-type":"","overlay-color":"","overlay-opacity":"","overlay-gradient":""},"mobile":{"background-color":"var(--ast-global-color-5)","background-image":"","background-repeat":"repeat","background-position":"center center","background-size":"auto","background-attachment":"scroll","background-type":"","background-media":"","overlay-type":"","overlay-color":"","overlay-opacity":"","overlay-gradient":""}}},"product_brand":[435],"product_cat":[59,61,299,308,56],"product_tag":[],"class_list":{"0":"post-4450","1":"product","2":"type-product","3":"status-publish","4":"has-post-thumbnail","6":"product_brand-truelove","7":"product_cat-allar-vorur","8":"product_cat-toskur-fyrir-hundadot","9":"product_cat-truelove","10":"product_cat-utivera","11":"product_cat-thjalfun","12":"desktop-align-left","13":"tablet-align-left","14":"mobile-align-left","16":"first","17":"instock","18":"taxable","19":"shipping-taxable","20":"purchasable","21":"product-type-variable"},"supplier_id":null,"supplier_sku":"","barcode":null,"atum_controlled":true,"out_stock_date":null,"out_stock_threshold":null,"inheritable":false,"inbound_stock":0,"stock_on_hold":0,"sold_today":0,"sales_last_days":0,"reserved_stock":0,"customer_returns":0,"warehouse_damage":0,"lost_in_post":0,"other_logs":0,"out_stock_days":0,"lost_sales":0,"has_location":null,"update_date":"2026-04-19T09:59:46","atum_locations":[],"atum_stock_status":"instock","restock_status":false,"low_stock_amount":"","sales_update_date":"2026-04-19T09:59:46","calc_backorders":null,"_links":{"self":[{"href":"https:\/\/www.hundadot.is\/en\/wp-json\/wp\/v2\/product\/4450","targetHints":{"allow":["GET"]}}],"collection":[{"href":"https:\/\/www.hundadot.is\/en\/wp-json\/wp\/v2\/product"}],"about":[{"href":"https:\/\/www.hundadot.is\/en\/wp-json\/wp\/v2\/types\/product"}],"replies":[{"embeddable":true,"href":"https:\/\/www.hundadot.is\/en\/wp-json\/wp\/v2\/comments?post=4450"}],"wp:featuredmedia":[{"embeddable":true,"href":"https:\/\/www.hundadot.is\/en\/wp-json\/wp\/v2\/media\/4449"}],"wp:attachment":[{"href":"https:\/\/www.hundadot.is\/en\/wp-json\/wp\/v2\/media?parent=4450"}],"wp:term":[{"taxonomy":"product_brand","embeddable":true,"href":"https:\/\/www.hundadot.is\/en\/wp-json\/wp\/v2\/product_brand?post=4450"},{"taxonomy":"product_cat","embeddable":true,"href":"https:\/\/www.hundadot.is\/en\/wp-json\/wp\/v2\/product_cat?post=4450"},{"taxonomy":"product_tag","embeddable":true,"href":"https:\/\/www.hundadot.is\/en\/wp-json\/wp\/v2\/product_tag?post=4450"}],"curies":[{"name":"wp","href":"https:\/\/api.w.org\/{rel}","templated":true}]}}