{"id":3528,"date":"2021-10-27T05:04:49","date_gmt":"2021-10-27T05:04:49","guid":{"rendered":"https:\/\/www.hundadot.is\/?post_type=product&#038;p=3528"},"modified":"2025-01-17T17:48:12","modified_gmt":"2025-01-17T17:48:12","slug":"hundabeisli-med-ljosi","status":"publish","type":"product","link":"https:\/\/www.hundadot.is\/en\/allar-vorur\/utivera\/hundabeisli\/hundabeisli-med-ljosi\/","title":{"rendered":"Y- dog harness with light"},"content":{"rendered":"<p>Y-type dog harness with light for all sizes of dogs.<\/p>\n<p>Very suitable during the winter and the shortest day, as the dog can be seen very well from a great distance.<\/p>\n<p>The harness comes in five different sizes.<\/p>\n<p>S: Neck 26-32 cm \/ Chest 36-38 cm<\/p>\n<p>M: Neck 33-44 cm \/ Chest 39-46 cm<\/p>\n<p>L: Neck 41-60 cm \/ Chest 52-72 cm<\/p>\n<p>XL: Neck 48-69 cm \/ Chest 65-99cm<\/p>\n<p>XXL: Neck 55-84 cm \/ Chest 69-106 cm<\/p>\n<p>You can change the light to six different colors, red, green, blue, yellow, purple, light blue, and a light flow with all colors.<\/p>\n<p>&nbsp;<\/p>","protected":false},"excerpt":{"rendered":"<p>Y-hundabeisli me\u00f0 lj\u00f3si fyrir allar st\u00e6r\u00f0ir hunda. Mj\u00f6g hentugt yfir vetrart\u00edman og mesta skammdeginu, \u00fear sem hundurinn s\u00e9st mj\u00f6g vel \u00ed mikili fjarl\u00e6g\u00f0. Beislin koma \u00ed fimm mismunandi st\u00e6r\u00f0um S: H\u00e1ls 26-32 cm \/ Bringa 36-38 cm M: H\u00e1ls 33-44 cm \/ Bringa 39-46 cm L: H\u00e1ls 41-60 cm \/ Bringa 52-72 cm XL: H\u00e1ls [&hellip;]<\/p>\n","protected":false},"featured_media":3534,"comment_status":"open","ping_status":"closed","template":"","meta":{"site-sidebar-layout":"default","site-content-layout":"default","ast-site-content-layout":"default","site-content-style":"default","site-sidebar-style":"default","ast-global-header-display":"","ast-banner-title-visibility":"","ast-main-header-display":"","ast-hfb-above-header-display":"","ast-hfb-below-header-display":"","ast-hfb-mobile-header-display":"","site-post-title":"","ast-breadcrumbs-content":"","ast-featured-img":"","footer-sml-layout":"","ast-disable-related-posts":"","theme-transparent-header-meta":"default","adv-header-id-meta":"","stick-header-meta":"","header-above-stick-meta":"","header-main-stick-meta":"","header-below-stick-meta":"","astra-migrate-meta-layouts":"default","ast-page-background-enabled":"default","ast-page-background-meta":{"desktop":{"background-color":"","background-image":"","background-repeat":"repeat","background-position":"center center","background-size":"auto","background-attachment":"scroll","background-type":"","background-media":"","overlay-type":"","overlay-color":"","overlay-opacity":"","overlay-gradient":""},"tablet":{"background-color":"","background-image":"","background-repeat":"repeat","background-position":"center center","background-size":"auto","background-attachment":"scroll","background-type":"","background-media":"","overlay-type":"","overlay-color":"","overlay-opacity":"","overlay-gradient":""},"mobile":{"background-color":"","background-image":"","background-repeat":"repeat","background-position":"center center","background-size":"auto","background-attachment":"scroll","background-type":"","background-media":"","overlay-type":"","overlay-color":"","overlay-opacity":"","overlay-gradient":""}},"ast-content-background-meta":{"desktop":{"background-color":"var(--ast-global-color-5)","background-image":"","background-repeat":"repeat","background-position":"center center","background-size":"auto","background-attachment":"scroll","background-type":"","background-media":"","overlay-type":"","overlay-color":"","overlay-opacity":"","overlay-gradient":""},"tablet":{"background-color":"var(--ast-global-color-5)","background-image":"","background-repeat":"repeat","background-position":"center center","background-size":"auto","background-attachment":"scroll","background-type":"","background-media":"","overlay-type":"","overlay-color":"","overlay-opacity":"","overlay-gradient":""},"mobile":{"background-color":"var(--ast-global-color-5)","background-image":"","background-repeat":"repeat","background-position":"center center","background-size":"auto","background-attachment":"scroll","background-type":"","background-media":"","overlay-type":"","overlay-color":"","overlay-opacity":"","overlay-gradient":""}}},"product_brand":[],"product_cat":[59,39,308],"product_tag":[109,73,74,69,110,65,121],"class_list":{"0":"post-3528","1":"product","2":"type-product","3":"status-publish","4":"has-post-thumbnail","6":"product_cat-allar-vorur","7":"product_cat-hundabeisli","8":"product_cat-utivera","9":"product_tag-beisli","10":"product_tag-ganga","11":"product_tag-gongutur","12":"product_tag-hlaupa","13":"product_tag-hundabeisli","14":"product_tag-hundadot","15":"product_tag-hundar","16":"desktop-align-left","17":"tablet-align-left","18":"mobile-align-left","20":"first","21":"instock","22":"taxable","23":"shipping-taxable","24":"purchasable","25":"product-type-variable"},"supplier_id":null,"supplier_sku":"","barcode":null,"atum_controlled":true,"out_stock_date":null,"out_stock_threshold":null,"inheritable":false,"inbound_stock":0,"stock_on_hold":0,"sold_today":0,"sales_last_days":0,"reserved_stock":0,"customer_returns":0,"warehouse_damage":0,"lost_in_post":0,"other_logs":0,"out_stock_days":0,"lost_sales":0,"has_location":null,"update_date":"2026-04-19T09:57:26","atum_locations":[],"atum_stock_status":"instock","restock_status":false,"low_stock_amount":"","sales_update_date":"2026-04-19T09:57:25","calc_backorders":null,"_links":{"self":[{"href":"https:\/\/www.hundadot.is\/en\/wp-json\/wp\/v2\/product\/3528","targetHints":{"allow":["GET"]}}],"collection":[{"href":"https:\/\/www.hundadot.is\/en\/wp-json\/wp\/v2\/product"}],"about":[{"href":"https:\/\/www.hundadot.is\/en\/wp-json\/wp\/v2\/types\/product"}],"replies":[{"embeddable":true,"href":"https:\/\/www.hundadot.is\/en\/wp-json\/wp\/v2\/comments?post=3528"}],"wp:featuredmedia":[{"embeddable":true,"href":"https:\/\/www.hundadot.is\/en\/wp-json\/wp\/v2\/media\/3534"}],"wp:attachment":[{"href":"https:\/\/www.hundadot.is\/en\/wp-json\/wp\/v2\/media?parent=3528"}],"wp:term":[{"taxonomy":"product_brand","embeddable":true,"href":"https:\/\/www.hundadot.is\/en\/wp-json\/wp\/v2\/product_brand?post=3528"},{"taxonomy":"product_cat","embeddable":true,"href":"https:\/\/www.hundadot.is\/en\/wp-json\/wp\/v2\/product_cat?post=3528"},{"taxonomy":"product_tag","embeddable":true,"href":"https:\/\/www.hundadot.is\/en\/wp-json\/wp\/v2\/product_tag?post=3528"}],"curies":[{"name":"wp","href":"https:\/\/api.w.org\/{rel}","templated":true}]}}