{"id":13457,"date":"2025-07-23T08:42:13","date_gmt":"2025-07-23T08:42:13","guid":{"rendered":"https:\/\/www.hundadot.is\/?post_type=product&#038;p=13457"},"modified":"2025-11-30T22:05:13","modified_gmt":"2025-11-30T22:05:13","slug":"pawzeler-piper-auka-kubbur","status":"publish","type":"product","link":"https:\/\/www.hundadot.is\/en\/allar-vorur\/allar-vorur\/vorumerki\/pawzler\/pawzeler-piper-auka-kubbur\/","title":{"rendered":"pawzeler Piper Extra block"},"content":{"rendered":"<p data-start=\"127\" data-end=\"297\">This pack contains only Piper pawzle and is a great addition both to increase the number of possible combinations on your base and to increase the difficulty level of playsets.<\/p>\n<p data-start=\"299\" data-end=\"860\">Piper is a pawzle that takes up four places on the base and offers four compartments to hide treats. To access the treats, the sleds must be unlocked before the lid is lifted. Piper allows you to adjust the level of difficulty as your dog develops! Start by removing both sleds and convert Piper to an easier option, similar to the four Zoey pawzles. Then add one or two sleds (included with each pawzle) to lock the lids and gradually increase the challenge. Your dog can use their muzzle, tongue or paw to unlock the sleds.<\/p>\n<p data-start=\"862\" data-end=\"1068\"><strong data-start=\"862\" data-end=\"877\">Hint:<\/strong> Start slowly! Remove the sleds and let your dog play freely with the toy. Add both sleds only when he is ready for a bigger challenge \u2013 this will prolong the fun!<\/p>\n<p data-start=\"1070\" data-end=\"1183\">You can fill the toy&#039;s compartment with treats, regular dog food, or even peanut butter for your dog to find.<\/p>\n<blockquote data-start=\"1185\" data-end=\"1237\">\n<p data-start=\"1187\" data-end=\"1237\">\u26a0\ufe0f Note: This package includes <strong data-start=\"1222\" data-end=\"1230\">not<\/strong> basic panel.<\/p>\n<\/blockquote>","protected":false},"excerpt":{"rendered":"<p>\u00deessi pakki inniheldur eing\u00f6ngu Piper pawzle og er fr\u00e1b\u00e6r vi\u00f0b\u00f3t b\u00e6\u00f0i til a\u00f0 auka fj\u00f6lda m\u00f6gulegra samsetninga \u00e1 grunninum \u00fe\u00ednum og til a\u00f0 h\u00e6kka erfi\u00f0leikastig leiksetta. Piper er pawzle sem tekur fj\u00f6gur s\u00e6ti \u00e1 grunninum og b\u00fd\u00f0ur upp \u00e1 fj\u00f6gur h\u00f3lf til a\u00f0 fela g\u00f3\u00f0g\u00e6ti. Til a\u00f0 komast \u00ed g\u00f3\u00f0g\u00e6ti\u00f0 \u00fearf a\u00f0 afl\u00e6sa sle\u00f0um \u00e1\u00f0ur [&hellip;]<\/p>\n","protected":false},"featured_media":13420,"comment_status":"open","ping_status":"closed","template":"","meta":{"site-sidebar-layout":"default","site-content-layout":"","ast-site-content-layout":"default","site-content-style":"default","site-sidebar-style":"default","ast-global-header-display":"","ast-banner-title-visibility":"","ast-main-header-display":"","ast-hfb-above-header-display":"","ast-hfb-below-header-display":"","ast-hfb-mobile-header-display":"","site-post-title":"","ast-breadcrumbs-content":"","ast-featured-img":"","footer-sml-layout":"","ast-disable-related-posts":"","theme-transparent-header-meta":"default","adv-header-id-meta":"","stick-header-meta":"","header-above-stick-meta":"","header-main-stick-meta":"","header-below-stick-meta":"","astra-migrate-meta-layouts":"set","ast-page-background-enabled":"default","ast-page-background-meta":{"desktop":{"background-color":"","background-image":"","background-repeat":"repeat","background-position":"center center","background-size":"auto","background-attachment":"scroll","background-type":"","background-media":"","overlay-type":"","overlay-color":"","overlay-opacity":"","overlay-gradient":""},"tablet":{"background-color":"","background-image":"","background-repeat":"repeat","background-position":"center center","background-size":"auto","background-attachment":"scroll","background-type":"","background-media":"","overlay-type":"","overlay-color":"","overlay-opacity":"","overlay-gradient":""},"mobile":{"background-color":"","background-image":"","background-repeat":"repeat","background-position":"center center","background-size":"auto","background-attachment":"scroll","background-type":"","background-media":"","overlay-type":"","overlay-color":"","overlay-opacity":"","overlay-gradient":""}},"ast-content-background-meta":{"desktop":{"background-color":"var(--ast-global-color-5)","background-image":"","background-repeat":"repeat","background-position":"center center","background-size":"auto","background-attachment":"scroll","background-type":"","background-media":"","overlay-type":"","overlay-color":"","overlay-opacity":"","overlay-gradient":""},"tablet":{"background-color":"var(--ast-global-color-5)","background-image":"","background-repeat":"repeat","background-position":"center center","background-size":"auto","background-attachment":"scroll","background-type":"","background-media":"","overlay-type":"","overlay-color":"","overlay-opacity":"","overlay-gradient":""},"mobile":{"background-color":"var(--ast-global-color-5)","background-image":"","background-repeat":"repeat","background-position":"center center","background-size":"auto","background-attachment":"scroll","background-type":"","background-media":"","overlay-type":"","overlay-color":"","overlay-opacity":"","overlay-gradient":""}}},"product_brand":[437],"product_cat":[59,307,57,312,309],"product_tag":[],"class_list":{"0":"post-13457","1":"product","2":"type-product","3":"status-publish","4":"has-post-thumbnail","6":"product_brand-pawzler","7":"product_cat-allar-vorur","8":"product_cat-heilathrautir","9":"product_cat-leikfong-fyrir-hunda","10":"product_cat-pawzler","11":"product_cat-vorumerki","12":"desktop-align-left","13":"tablet-align-left","14":"mobile-align-left","16":"first","17":"instock","18":"taxable","19":"shipping-taxable","20":"purchasable","21":"product-type-simple"},"supplier_id":null,"supplier_sku":"","barcode":null,"atum_controlled":true,"out_stock_date":null,"out_stock_threshold":null,"inheritable":false,"inbound_stock":0,"stock_on_hold":0,"sold_today":0,"sales_last_days":0,"reserved_stock":0,"customer_returns":0,"warehouse_damage":0,"lost_in_post":0,"other_logs":0,"out_stock_days":0,"lost_sales":0,"has_location":false,"update_date":"2026-04-17T09:59:06","atum_locations":[],"atum_stock_status":"instock","restock_status":false,"low_stock_amount":"","sales_update_date":"2026-04-17T09:59:06","calc_backorders":null,"_links":{"self":[{"href":"https:\/\/www.hundadot.is\/en\/wp-json\/wp\/v2\/product\/13457","targetHints":{"allow":["GET"]}}],"collection":[{"href":"https:\/\/www.hundadot.is\/en\/wp-json\/wp\/v2\/product"}],"about":[{"href":"https:\/\/www.hundadot.is\/en\/wp-json\/wp\/v2\/types\/product"}],"replies":[{"embeddable":true,"href":"https:\/\/www.hundadot.is\/en\/wp-json\/wp\/v2\/comments?post=13457"}],"wp:featuredmedia":[{"embeddable":true,"href":"https:\/\/www.hundadot.is\/en\/wp-json\/wp\/v2\/media\/13420"}],"wp:attachment":[{"href":"https:\/\/www.hundadot.is\/en\/wp-json\/wp\/v2\/media?parent=13457"}],"wp:term":[{"taxonomy":"product_brand","embeddable":true,"href":"https:\/\/www.hundadot.is\/en\/wp-json\/wp\/v2\/product_brand?post=13457"},{"taxonomy":"product_cat","embeddable":true,"href":"https:\/\/www.hundadot.is\/en\/wp-json\/wp\/v2\/product_cat?post=13457"},{"taxonomy":"product_tag","embeddable":true,"href":"https:\/\/www.hundadot.is\/en\/wp-json\/wp\/v2\/product_tag?post=13457"}],"curies":[{"name":"wp","href":"https:\/\/api.w.org\/{rel}","templated":true}]}}