{"id":96,"date":"2018-06-18T06:57:57","date_gmt":"2018-06-18T06:57:57","guid":{"rendered":"https:\/\/www.hundadot.is\/about\/"},"modified":"2025-05-21T12:51:47","modified_gmt":"2025-05-21T12:51:47","slug":"um-hundadot-is","status":"publish","type":"page","link":"https:\/\/www.hundadot.is\/en\/um-hundadot-is\/","title":{"rendered":"About Us"},"content":{"rendered":"<div data-elementor-type=\"wp-post\" data-elementor-id=\"96\" class=\"elementor elementor-96\" data-elementor-post-type=\"page\">\n\t\t\t\t\t\t<section class=\"elementor-section elementor-top-section elementor-element elementor-element-7af1913 elementor-section-content-middle elementor-section-boxed elementor-section-height-default elementor-section-height-default\" data-id=\"7af1913\" data-element_type=\"section\" data-e-type=\"section\" data-settings=\"{&quot;background_background&quot;:&quot;gradient&quot;}\">\n\t\t\t\t\t\t\t<div class=\"elementor-background-overlay\"><\/div>\n\t\t\t\t\t\t\t<div class=\"elementor-container elementor-column-gap-default\">\n\t\t\t\t\t<div class=\"elementor-column elementor-col-25 elementor-top-column elementor-element elementor-element-489d1b7\" data-id=\"489d1b7\" data-element_type=\"column\" data-e-type=\"column\">\n\t\t\t<div class=\"elementor-widget-wrap elementor-element-populated\">\n\t\t\t\t\t\t<div class=\"elementor-element elementor-element-7c0bc90 elementor-widget elementor-widget-image\" data-id=\"7c0bc90\" data-element_type=\"widget\" data-e-type=\"widget\" data-widget_type=\"image.default\">\n\t\t\t\t<div class=\"elementor-widget-container\">\n\t\t\t\t\t\t\t\t\t\t\t\t\t\t\t<img fetchpriority=\"high\" decoding=\"async\" width=\"512\" height=\"512\" src=\"https:\/\/www.hundadot.is\/wp-content\/uploads\/2020\/02\/cropped-transparant-1.png\" class=\"attachment-large size-large wp-image-2909\" alt=\"\" srcset=\"https:\/\/www.hundadot.is\/wp-content\/uploads\/2020\/02\/cropped-transparant-1.png 512w, https:\/\/www.hundadot.is\/wp-content\/uploads\/2020\/02\/cropped-transparant-1-300x300.png 300w, https:\/\/www.hundadot.is\/wp-content\/uploads\/2020\/02\/cropped-transparant-1-150x150.png 150w, https:\/\/www.hundadot.is\/wp-content\/uploads\/2020\/02\/cropped-transparant-1-12x12.png 12w, https:\/\/www.hundadot.is\/wp-content\/uploads\/2020\/02\/cropped-transparant-1-100x100.png 100w, https:\/\/www.hundadot.is\/wp-content\/uploads\/2020\/02\/cropped-transparant-1-270x270.png 270w, https:\/\/www.hundadot.is\/wp-content\/uploads\/2020\/02\/cropped-transparant-1-192x192.png 192w, https:\/\/www.hundadot.is\/wp-content\/uploads\/2020\/02\/cropped-transparant-1-180x180.png 180w, https:\/\/www.hundadot.is\/wp-content\/uploads\/2020\/02\/cropped-transparant-1-32x32.png 32w\" sizes=\"(max-width: 512px) 100vw, 512px\" \/>\t\t\t\t\t\t\t\t\t\t\t\t\t\t\t<\/div>\n\t\t\t\t<\/div>\n\t\t\t\t\t<\/div>\n\t\t<\/div>\n\t\t\t\t<div class=\"elementor-column elementor-col-50 elementor-top-column elementor-element elementor-element-784f689\" data-id=\"784f689\" data-element_type=\"column\" data-e-type=\"column\">\n\t\t\t<div class=\"elementor-widget-wrap elementor-element-populated\">\n\t\t\t\t\t\t<div class=\"elementor-element elementor-element-0d33147 elementor-widget elementor-widget-heading\" data-id=\"0d33147\" data-element_type=\"widget\" data-e-type=\"widget\" data-widget_type=\"heading.default\">\n\t\t\t\t<div class=\"elementor-widget-container\">\n\t\t\t\t\t<h1 class=\"elementor-heading-title elementor-size-default\">About Hundad\u00f3t.is<\/h1>\t\t\t\t<\/div>\n\t\t\t\t<\/div>\n\t\t\t\t\t<\/div>\n\t\t<\/div>\n\t\t\t\t<div class=\"elementor-column elementor-col-25 elementor-top-column elementor-element elementor-element-7c707a9\" data-id=\"7c707a9\" data-element_type=\"column\" data-e-type=\"column\">\n\t\t\t<div class=\"elementor-widget-wrap\">\n\t\t\t\t\t\t\t<\/div>\n\t\t<\/div>\n\t\t\t\t\t<\/div>\n\t\t<\/section>\n\t\t\t\t<section class=\"elementor-section elementor-top-section elementor-element elementor-element-f2b09c4 elementor-section-content-middle elementor-section-boxed elementor-section-height-default elementor-section-height-default\" data-id=\"f2b09c4\" data-element_type=\"section\" data-e-type=\"section\" data-settings=\"{&quot;background_background&quot;:&quot;gradient&quot;}\">\n\t\t\t\t\t\t\t<div class=\"elementor-background-overlay\"><\/div>\n\t\t\t\t\t\t\t<div class=\"elementor-container elementor-column-gap-default\">\n\t\t\t\t\t<div class=\"elementor-column elementor-col-100 elementor-top-column elementor-element elementor-element-fda392b\" data-id=\"fda392b\" data-element_type=\"column\" data-e-type=\"column\">\n\t\t\t<div class=\"elementor-widget-wrap elementor-element-populated\">\n\t\t\t\t\t\t<div class=\"elementor-element elementor-element-1b3f581 elementor-widget elementor-widget-text-editor\" data-id=\"1b3f581\" data-element_type=\"widget\" data-e-type=\"widget\" data-widget_type=\"text-editor.default\">\n\t\t\t\t<div class=\"elementor-widget-container\">\n\t\t\t\t\t\t\t\t\t<p>Hundad\u00f3t.is is a small goods store run by us Krist\u00edn Erla Einarsd\u00f3ttir and Gu\u00f0mundur S. Hj\u00e1lmarsson. In the summer of 2021, we decided to take the plunge and start this online store. We own dogs and have for a long time, so we are very interested in people who care about dogs.<\/p>\n<p><span style=\"font-style: inherit; font-weight: inherit; background-color: transparent;\">Hundad\u00f3t.is was founded with the goal of increasing diversity in the world of dogs and dog owners with an emphasis on high-quality and specialized products.<\/span><\/p>\n<p><span style=\"font-style: inherit; font-weight: inherit; background-color: transparent;\">Hundad\u00f3t.is is&nbsp;<\/span><span style=\"background-color: transparent;\">Pawzler brain teasers dealer in Iceland. Pawzler is a quality brain teaser for dogs of all sizes. It is possible to change them so that the dog never gets bored with them.<\/span><\/p><p><span style=\"font-style: inherit; font-weight: inherit; background-color: transparent;\">Hundad\u00f3t.is is&nbsp;<\/span><span style=\"font-style: inherit; font-weight: inherit; background-color: transparent;\">agent for TrueLove dogware in Iceland. Truelove is a high-quality brand in leashes, harnesses, leashes and more. Hundad\u00f3t.is started cooperation in 2022 and became an agent for Truelove dogware in 2023.<\/span><br><\/p>\n<p><span style=\"font-style: inherit; font-weight: inherit; background-color: transparent;\">\u2013 Hundad\u00f3t.is is operated by the company L\u00e9ttarlausnir sfl, ID number 550616-0330. VAT number is 124980.&nbsp;<\/span><a style=\"font-style: inherit; font-weight: inherit; background-color: #ffffff;\" href=\"https:\/\/www.skatturinn.is\/fyrirtaekjaskra\/leit\/kennitala\/5506160330\">https:\/\/www.skatturinn.is\/fyrirtaekjaskra\/leit\/kennitala\/5506160330<\/a><\/p>\n<p><\/p>\n<p>Ways to reach us.<\/p>\n<p>hundadot(at)hundadot.is&nbsp;<\/p>\n<p>Phone: 5626400<\/p>\t\t\t\t\t\t\t\t<\/div>\n\t\t\t\t<\/div>\n\t\t\t\t\t<\/div>\n\t\t<\/div>\n\t\t\t\t\t<\/div>\n\t\t<\/section>\n\t\t\t\t<section class=\"elementor-section elementor-top-section elementor-element elementor-element-1bac198 elementor-section-boxed elementor-section-height-default elementor-section-height-default\" data-id=\"1bac198\" data-element_type=\"section\" data-e-type=\"section\" data-settings=\"{&quot;background_background&quot;:&quot;classic&quot;}\">\n\t\t\t\t\t\t<div class=\"elementor-container elementor-column-gap-default\">\n\t\t\t\t\t<div class=\"elementor-column elementor-col-100 elementor-top-column elementor-element elementor-element-ccbc1ea\" data-id=\"ccbc1ea\" data-element_type=\"column\" data-e-type=\"column\">\n\t\t\t<div class=\"elementor-widget-wrap elementor-element-populated\">\n\t\t\t\t\t\t<section class=\"elementor-section elementor-inner-section elementor-element elementor-element-4c40fd3 elementor-section-content-middle elementor-section-boxed elementor-section-height-default elementor-section-height-default\" data-id=\"4c40fd3\" data-element_type=\"section\" data-e-type=\"section\">\n\t\t\t\t\t\t<div class=\"elementor-container elementor-column-gap-default\">\n\t\t\t\t\t<div class=\"elementor-column elementor-col-66 elementor-inner-column elementor-element elementor-element-a652ce4\" data-id=\"a652ce4\" data-element_type=\"column\" data-e-type=\"column\">\n\t\t\t<div class=\"elementor-widget-wrap elementor-element-populated\">\n\t\t\t\t\t\t<div class=\"elementor-element elementor-element-473a755 elementor-widget elementor-widget-heading\" data-id=\"473a755\" data-element_type=\"widget\" data-e-type=\"widget\" data-widget_type=\"heading.default\">\n\t\t\t\t<div class=\"elementor-widget-container\">\n\t\t\t\t\t<h2 class=\"elementor-heading-title elementor-size-default\">Check out our great store.<\/h2>\t\t\t\t<\/div>\n\t\t\t\t<\/div>\n\t\t\t\t\t<\/div>\n\t\t<\/div>\n\t\t\t\t<div class=\"elementor-column elementor-col-33 elementor-inner-column elementor-element elementor-element-65bab70\" data-id=\"65bab70\" data-element_type=\"column\" data-e-type=\"column\">\n\t\t\t<div class=\"elementor-widget-wrap elementor-element-populated\">\n\t\t\t\t\t\t<div class=\"elementor-element elementor-element-541908e elementor-align-center elementor-widget elementor-widget-button\" data-id=\"541908e\" data-element_type=\"widget\" data-e-type=\"widget\" data-widget_type=\"button.default\">\n\t\t\t\t<div class=\"elementor-widget-container\">\n\t\t\t\t\t\t\t\t\t<div class=\"elementor-button-wrapper\">\n\t\t\t\t\t<a class=\"elementor-button elementor-button-link elementor-size-md\" href=\"https:\/\/www.hundadot.is\/en\/allar-vorur\/\">\n\t\t\t\t\t\t<span class=\"elementor-button-content-wrapper\">\n\t\t\t\t\t\t<span class=\"elementor-button-icon\">\n\t\t\t\t<i aria-hidden=\"true\" class=\"fas fa-angle-right\"><\/i>\t\t\t<\/span>\n\t\t\t\t\t\t\t\t\t<span class=\"elementor-button-text\">Shop<\/span>\n\t\t\t\t\t<\/span>\n\t\t\t\t\t<\/a>\n\t\t\t\t<\/div>\n\t\t\t\t\t\t\t\t<\/div>\n\t\t\t\t<\/div>\n\t\t\t\t\t<\/div>\n\t\t<\/div>\n\t\t\t\t\t<\/div>\n\t\t<\/section>\n\t\t\t\t\t<\/div>\n\t\t<\/div>\n\t\t\t\t\t<\/div>\n\t\t<\/section>\n\t\t\t\t<section class=\"elementor-section elementor-top-section elementor-element elementor-element-f217564 elementor-section-boxed elementor-section-height-default elementor-section-height-default\" data-id=\"f217564\" data-element_type=\"section\" data-e-type=\"section\">\n\t\t\t\t\t\t<div class=\"elementor-container elementor-column-gap-default\">\n\t\t\t\t\t<div class=\"elementor-column elementor-col-100 elementor-top-column elementor-element elementor-element-5179f7b\" data-id=\"5179f7b\" data-element_type=\"column\" data-e-type=\"column\">\n\t\t\t<div class=\"elementor-widget-wrap elementor-element-populated\">\n\t\t\t\t\t\t<div class=\"elementor-element elementor-element-b498147 elementor-widget elementor-widget-google_maps\" data-id=\"b498147\" data-element_type=\"widget\" data-e-type=\"widget\" data-widget_type=\"google_maps.default\">\n\t\t\t\t<div class=\"elementor-widget-container\">\n\t\t\t\t\t\t\t<div class=\"elementor-custom-embed\">\n\t\t\t<iframe loading=\"lazy\"\n\t\t\t\t\tsrc=\"https:\/\/maps.google.com\/maps?q=borgarnes&#038;t=m&#038;z=15&#038;output=embed&#038;iwloc=near\"\n\t\t\t\t\ttitle=\"borgarnes\"\n\t\t\t\t\taria-label=\"borgarnes\"\n\t\t\t><\/iframe>\n\t\t<\/div>\n\t\t\t\t\t\t<\/div>\n\t\t\t\t<\/div>\n\t\t\t\t\t<\/div>\n\t\t<\/div>\n\t\t\t\t\t<\/div>\n\t\t<\/section>\n\t\t\t\t<section class=\"elementor-section elementor-top-section elementor-element elementor-element-aaca9f7 elementor-section-boxed elementor-section-height-default elementor-section-height-default\" data-id=\"aaca9f7\" data-element_type=\"section\" data-e-type=\"section\">\n\t\t\t\t\t\t<div class=\"elementor-container elementor-column-gap-default\">\n\t\t\t\t\t<div class=\"elementor-column elementor-col-100 elementor-top-column elementor-element elementor-element-fced636\" data-id=\"fced636\" data-element_type=\"column\" data-e-type=\"column\">\n\t\t\t<div class=\"elementor-widget-wrap elementor-element-populated\">\n\t\t\t\t\t\t<div class=\"elementor-element elementor-element-f68c3d3 elementor-widget elementor-widget-heading\" data-id=\"f68c3d3\" data-element_type=\"widget\" data-e-type=\"widget\" data-widget_type=\"heading.default\">\n\t\t\t\t<div class=\"elementor-widget-container\">\n\t\t\t\t\t<h2 class=\"elementor-heading-title elementor-size-default\">Partners<\/h2>\t\t\t\t<\/div>\n\t\t\t\t<\/div>\n\t\t\t\t\t<\/div>\n\t\t<\/div>\n\t\t\t\t\t<\/div>\n\t\t<\/section>\n\t\t\t\t<section class=\"elementor-section elementor-top-section elementor-element elementor-element-e8d353d elementor-section-boxed elementor-section-height-default elementor-section-height-default\" data-id=\"e8d353d\" data-element_type=\"section\" data-e-type=\"section\">\n\t\t\t\t\t\t<div class=\"elementor-container elementor-column-gap-default\">\n\t\t\t\t\t<div class=\"elementor-column elementor-col-33 elementor-top-column elementor-element elementor-element-d08e432\" data-id=\"d08e432\" data-element_type=\"column\" data-e-type=\"column\">\n\t\t\t<div class=\"elementor-widget-wrap elementor-element-populated\">\n\t\t\t\t\t\t<div class=\"elementor-element elementor-element-5e6746a elementor-widget elementor-widget-image\" data-id=\"5e6746a\" data-element_type=\"widget\" data-e-type=\"widget\" data-widget_type=\"image.default\">\n\t\t\t\t<div class=\"elementor-widget-container\">\n\t\t\t\t\t\t\t\t\t\t\t\t\t\t\t<img decoding=\"async\" width=\"245\" height=\"300\" src=\"https:\/\/www.hundadot.is\/wp-content\/uploads\/2022\/09\/b85945d70da80e5d34193fc803dd4dfa-245x300.png\" class=\"attachment-medium size-medium wp-image-6223\" alt=\"\" srcset=\"https:\/\/www.hundadot.is\/wp-content\/uploads\/2022\/09\/b85945d70da80e5d34193fc803dd4dfa-245x300.png 245w, https:\/\/www.hundadot.is\/wp-content\/uploads\/2022\/09\/b85945d70da80e5d34193fc803dd4dfa-150x184.png 150w, https:\/\/www.hundadot.is\/wp-content\/uploads\/2022\/09\/b85945d70da80e5d34193fc803dd4dfa-10x12.png 10w, https:\/\/www.hundadot.is\/wp-content\/uploads\/2022\/09\/b85945d70da80e5d34193fc803dd4dfa.png 525w\" sizes=\"(max-width: 245px) 100vw, 245px\" \/>\t\t\t\t\t\t\t\t\t\t\t\t\t\t\t<\/div>\n\t\t\t\t<\/div>\n\t\t\t\t\t<\/div>\n\t\t<\/div>\n\t\t\t\t<div class=\"elementor-column elementor-col-33 elementor-top-column elementor-element elementor-element-ddad8ab\" data-id=\"ddad8ab\" data-element_type=\"column\" data-e-type=\"column\">\n\t\t\t<div class=\"elementor-widget-wrap elementor-element-populated\">\n\t\t\t\t\t\t<div class=\"elementor-element elementor-element-79ef5fe elementor-widget elementor-widget-image\" data-id=\"79ef5fe\" data-element_type=\"widget\" data-e-type=\"widget\" data-widget_type=\"image.default\">\n\t\t\t\t<div class=\"elementor-widget-container\">\n\t\t\t\t\t\t\t\t\t\t\t\t\t\t\t<img decoding=\"async\" width=\"200\" height=\"200\" src=\"https:\/\/www.hundadot.is\/wp-content\/uploads\/2022\/09\/pawzler.png\" class=\"attachment-large size-large wp-image-6222\" alt=\"\" srcset=\"https:\/\/www.hundadot.is\/wp-content\/uploads\/2022\/09\/pawzler.png 200w, https:\/\/www.hundadot.is\/wp-content\/uploads\/2022\/09\/pawzler-100x100.png 100w, https:\/\/www.hundadot.is\/wp-content\/uploads\/2022\/09\/pawzler-150x150.png 150w, https:\/\/www.hundadot.is\/wp-content\/uploads\/2022\/09\/pawzler-12x12.png 12w\" sizes=\"(max-width: 200px) 100vw, 200px\" \/>\t\t\t\t\t\t\t\t\t\t\t\t\t\t\t<\/div>\n\t\t\t\t<\/div>\n\t\t\t\t\t<\/div>\n\t\t<\/div>\n\t\t\t\t<div class=\"elementor-column elementor-col-33 elementor-top-column elementor-element elementor-element-c1873bb\" data-id=\"c1873bb\" data-element_type=\"column\" data-e-type=\"column\">\n\t\t\t<div class=\"elementor-widget-wrap elementor-element-populated\">\n\t\t\t\t\t\t<div class=\"elementor-element elementor-element-14262a3 elementor-widget elementor-widget-image\" data-id=\"14262a3\" data-element_type=\"widget\" data-e-type=\"widget\" data-widget_type=\"image.default\">\n\t\t\t\t<div class=\"elementor-widget-container\">\n\t\t\t\t\t\t\t\t\t\t\t\t\t\t\t<img loading=\"lazy\" decoding=\"async\" width=\"1024\" height=\"442\" src=\"https:\/\/www.hundadot.is\/wp-content\/uploads\/2022\/05\/royal-logo-1024x442.png\" class=\"attachment-large size-large wp-image-4834\" alt=\"\" srcset=\"https:\/\/www.hundadot.is\/wp-content\/uploads\/2022\/05\/royal-logo-1024x442.png 1024w, https:\/\/www.hundadot.is\/wp-content\/uploads\/2022\/05\/royal-logo-800x345.png 800w, https:\/\/www.hundadot.is\/wp-content\/uploads\/2022\/05\/royal-logo-300x129.png 300w, https:\/\/www.hundadot.is\/wp-content\/uploads\/2022\/05\/royal-logo-768x331.png 768w, https:\/\/www.hundadot.is\/wp-content\/uploads\/2022\/05\/royal-logo-1536x662.png 1536w, https:\/\/www.hundadot.is\/wp-content\/uploads\/2022\/05\/royal-logo-18x8.png 18w, https:\/\/www.hundadot.is\/wp-content\/uploads\/2022\/05\/royal-logo-150x65.png 150w, https:\/\/www.hundadot.is\/wp-content\/uploads\/2022\/05\/royal-logo.png 2022w\" sizes=\"(max-width: 1024px) 100vw, 1024px\" \/>\t\t\t\t\t\t\t\t\t\t\t\t\t\t\t<\/div>\n\t\t\t\t<\/div>\n\t\t\t\t\t<\/div>\n\t\t<\/div>\n\t\t\t\t\t<\/div>\n\t\t<\/section>\n\t\t\t\t<section class=\"elementor-section elementor-top-section elementor-element elementor-element-0107795 elementor-section-stretched elementor-section-full_width elementor-section-height-default elementor-section-height-default\" data-id=\"0107795\" data-element_type=\"section\" data-e-type=\"section\" data-settings=\"{&quot;stretch_section&quot;:&quot;section-stretched&quot;}\">\n\t\t\t\t\t\t<div class=\"elementor-container elementor-column-gap-default\">\n\t\t\t\t\t<div class=\"elementor-column elementor-col-100 elementor-top-column elementor-element elementor-element-7ce1ef8\" data-id=\"7ce1ef8\" data-element_type=\"column\" data-e-type=\"column\">\n\t\t\t<div class=\"elementor-widget-wrap elementor-element-populated\">\n\t\t\t\t\t\t<div class=\"elementor-element elementor-element-44f71e7 elementor-widget elementor-widget-image\" data-id=\"44f71e7\" data-element_type=\"widget\" data-e-type=\"widget\" data-widget_type=\"image.default\">\n\t\t\t\t<div class=\"elementor-widget-container\">\n\t\t\t\t\t\t\t\t\t\t\t\t\t\t\t<img decoding=\"async\" src=\"https:\/\/www.hundadot.is\/wp-content\/uploads\/2019\/06\/graphic05-free-img.png\" title=\"\" alt=\"\" loading=\"lazy\" \/>\t\t\t\t\t\t\t\t\t\t\t\t\t\t\t<\/div>\n\t\t\t\t<\/div>\n\t\t\t\t\t<\/div>\n\t\t<\/div>\n\t\t\t\t\t<\/div>\n\t\t<\/section>\n\t\t\t\t<\/div>","protected":false},"excerpt":{"rendered":"<p>Um Hundad\u00f3t.is Hundado\u0301t.is er sma\u0301vo\u0308ru verslun sem er rekin af okkur Kristi\u0301nu Erlu Einarsdo\u0301ttur og Gu\u00f0mundi S. Hja\u0301lmarssyni. Vi\u00f0 a\u0301kv\u00e1\u00f0um sumari\u00f0 2021 a\u00f0 skella okkur saman i\u0301 dju\u0301pu laugina og stofna \u00feessa netverslun. Vi\u00f0 eigum hunda og ho\u0308fum a\u0301tt i\u0301 langan ti\u0301ma og erum vi\u00f0 \u00fevi\u0301 miki\u00f0 a\u0301huga fo\u0301lk um hunda. Hundado\u0301t.is er stofna\u00f0 me\u00f0 [&hellip;]<\/p>\n","protected":false},"author":1,"featured_media":0,"parent":0,"menu_order":0,"comment_status":"closed","ping_status":"closed","template":"","meta":{"site-sidebar-layout":"no-sidebar","site-content-layout":"page-builder","ast-site-content-layout":"default","site-content-style":"default","site-sidebar-style":"default","ast-global-header-display":"","ast-banner-title-visibility":"","ast-main-header-display":"","ast-hfb-above-header-display":"","ast-hfb-below-header-display":"","ast-hfb-mobile-header-display":"","site-post-title":"disabled","ast-breadcrumbs-content":"","ast-featured-img":"disabled","footer-sml-layout":"","ast-disable-related-posts":"","theme-transparent-header-meta":"enabled","adv-header-id-meta":"","stick-header-meta":"","header-above-stick-meta":"","header-main-stick-meta":"","header-below-stick-meta":"","astra-migrate-meta-layouts":"default","ast-page-background-enabled":"default","ast-page-background-meta":{"desktop":{"background-color":"","background-image":"","background-repeat":"repeat","background-position":"center center","background-size":"auto","background-attachment":"scroll","background-type":"","background-media":"","overlay-type":"","overlay-color":"","overlay-opacity":"","overlay-gradient":""},"tablet":{"background-color":"","background-image":"","background-repeat":"repeat","background-position":"center center","background-size":"auto","background-attachment":"scroll","background-type":"","background-media":"","overlay-type":"","overlay-color":"","overlay-opacity":"","overlay-gradient":""},"mobile":{"background-color":"","background-image":"","background-repeat":"repeat","background-position":"center center","background-size":"auto","background-attachment":"scroll","background-type":"","background-media":"","overlay-type":"","overlay-color":"","overlay-opacity":"","overlay-gradient":""}},"ast-content-background-meta":{"desktop":{"background-color":"var(--ast-global-color-5)","background-image":"","background-repeat":"repeat","background-position":"center center","background-size":"auto","background-attachment":"scroll","background-type":"","background-media":"","overlay-type":"","overlay-color":"","overlay-opacity":"","overlay-gradient":""},"tablet":{"background-color":"var(--ast-global-color-5)","background-image":"","background-repeat":"repeat","background-position":"center center","background-size":"auto","background-attachment":"scroll","background-type":"","background-media":"","overlay-type":"","overlay-color":"","overlay-opacity":"","overlay-gradient":""},"mobile":{"background-color":"var(--ast-global-color-5)","background-image":"","background-repeat":"repeat","background-position":"center center","background-size":"auto","background-attachment":"scroll","background-type":"","background-media":"","overlay-type":"","overlay-color":"","overlay-opacity":"","overlay-gradient":""}},"footnotes":""},"class_list":["post-96","page","type-page","status-publish","hentry"],"_links":{"self":[{"href":"https:\/\/www.hundadot.is\/en\/wp-json\/wp\/v2\/pages\/96","targetHints":{"allow":["GET"]}}],"collection":[{"href":"https:\/\/www.hundadot.is\/en\/wp-json\/wp\/v2\/pages"}],"about":[{"href":"https:\/\/www.hundadot.is\/en\/wp-json\/wp\/v2\/types\/page"}],"author":[{"embeddable":true,"href":"https:\/\/www.hundadot.is\/en\/wp-json\/wp\/v2\/users\/1"}],"replies":[{"embeddable":true,"href":"https:\/\/www.hundadot.is\/en\/wp-json\/wp\/v2\/comments?post=96"}],"version-history":[{"count":3,"href":"https:\/\/www.hundadot.is\/en\/wp-json\/wp\/v2\/pages\/96\/revisions"}],"predecessor-version":[{"id":13090,"href":"https:\/\/www.hundadot.is\/en\/wp-json\/wp\/v2\/pages\/96\/revisions\/13090"}],"wp:attachment":[{"href":"https:\/\/www.hundadot.is\/en\/wp-json\/wp\/v2\/media?parent=96"}],"curies":[{"name":"wp","href":"https:\/\/api.w.org\/{rel}","templated":true}]}}