{"id":3182,"date":"2021-08-19T07:03:38","date_gmt":"2021-08-19T07:03:38","guid":{"rendered":"https:\/\/www.hundadot.is\/?page_id=3182"},"modified":"2023-02-21T14:21:42","modified_gmt":"2023-02-21T14:21:42","slug":"skilarettur","status":"publish","type":"page","link":"https:\/\/www.hundadot.is\/en\/skilarettur\/","title":{"rendered":"Right of return"},"content":{"rendered":"<div data-elementor-type=\"wp-page\" data-elementor-id=\"3182\" class=\"elementor elementor-3182\" data-elementor-post-type=\"page\">\n\t\t\t\t<div class=\"elementor-element elementor-element-8e07895 e-flex e-con-boxed e-con e-parent\" data-id=\"8e07895\" data-element_type=\"container\" data-e-type=\"container\">\n\t\t\t\t\t<div class=\"e-con-inner\">\n\t\t\t\t<div class=\"elementor-element elementor-element-7718f50 elementor-widget elementor-widget-spacer\" data-id=\"7718f50\" data-element_type=\"widget\" data-e-type=\"widget\" data-widget_type=\"spacer.default\">\n\t\t\t\t<div class=\"elementor-widget-container\">\n\t\t\t\t\t\t\t<div class=\"elementor-spacer\">\n\t\t\t<div class=\"elementor-spacer-inner\"><\/div>\n\t\t<\/div>\n\t\t\t\t\t\t<\/div>\n\t\t\t\t<\/div>\n\t\t\t\t\t<\/div>\n\t\t\t\t<\/div>\n\t\t\t\t<section class=\"elementor-section elementor-top-section elementor-element elementor-element-20755a46 elementor-section-boxed elementor-section-height-default elementor-section-height-default\" data-id=\"20755a46\" data-element_type=\"section\" data-e-type=\"section\">\n\t\t\t\t\t\t<div class=\"elementor-container elementor-column-gap-default\">\n\t\t\t\t\t<div class=\"elementor-column elementor-col-100 elementor-top-column elementor-element elementor-element-71e1386b\" data-id=\"71e1386b\" data-element_type=\"column\" data-e-type=\"column\">\n\t\t\t<div class=\"elementor-widget-wrap elementor-element-populated\">\n\t\t\t\t\t\t<div class=\"elementor-element elementor-element-513fce44 elementor-widget elementor-widget-text-editor\" data-id=\"513fce44\" data-element_type=\"widget\" data-e-type=\"widget\" data-widget_type=\"text-editor.default\">\n\t\t\t\t<div class=\"elementor-widget-container\">\n\t\t\t\t\t\t\t\t\t<p><\/p>\n<p>The buyer can return a product purchased from the seller within 14 days.<\/p><p><span style=\"font-style: inherit; font-weight: inherit; background-color: var(--ast-global-color-5);\">When returning a product, it must be in its original, unused condition, with packaging and in resalable condition. If the product is sealed, the seal must not be broken.<\/span><\/p>\n<p><span style=\"background-color: var(--ast-global-color-5); font-size: 1rem;\">If the buyer does not wish to exchange the product for another product, a credit note will be issued after the product is received. The credit note is in the form of a code that is used on this site when shopping and is valid for one year from the date of issue. Shipping and postage costs are not refundable.<\/span><\/p>\n<p><\/p>\n<p><\/p>\n<p><span style=\"font-style: inherit; font-weight: inherit;\">The seller reserves the right to verify that the product is in good condition, however within a reasonable time frame.<\/span><\/p>\n<p><\/p>\n<p><\/p>\n<p>The seller reserves the right to prevent any abuse of the 14-day right of return.<\/p>\n<p><\/p>\n<p><\/p>\n<p><strong>Right of return<\/strong><\/p>\n<p><\/p>\n<p><\/p>\n<p>Article 1. A seller who has decided to grant consumers the right to return a non-defective product shall, at its place of business, as well as upon sale and delivery of the product, provide written and accessible information about that right of return.<\/p>\n<p><\/p>\n<p><\/p>\n<p><\/p>\n<p><\/p>\n<p><strong>Credit notes<\/strong><\/p>\n<p><\/p>\n<p><\/p>\n<p>Article 5. If no agreement is reached on a refund or a new product in place of the one returned, the consumer is entitled to a credit note. A credit note refers to an authorization to withdraw an unspecified product for a specific amount. The validity period of a credit note towards the seller and those to whom he may transfer his commercial operations is four years unless otherwise stated on the credit note, but never less than one year.<\/p>\n<p><\/p>\n<p><\/p>\n<p>Regarding Article 5.<\/p>\n<p><\/p>\n<p><\/p>\n<p>It is emphasized here that if no refund is agreed or if the consumer believes that he cannot exchange the product for another product, he shall be entitled to a credit note. The Committee believes that it is not fair that credit notes are limited to one specific product type or product group. Therefore, it was considered necessary to define and specifically state what is meant by the term credit note. The Committee also believes that it may be unfair to the seller if there are no restrictions on the use of a credit note during a sale, cf. Article 9 and the discussion of it below. It should be noted, however, that the seller and the consumer can always agree specifically that the credit note is valid during a sale, either in full or as payment for the sale product at the pre-sale price and without the sale discount. The general rule is that a claim for credit under credit notes expires after four years, according to Act No. 14\/1905, on the limitation of debts and other claims. The Committee considers it natural that a shorter period can be negotiated. However, such a period can never be less than one year. It is important that such claims are entered in the store&#039;s accounting and remain valid against those to whom the store owner may transfer his store operations.<\/p>\n<p><\/p>\n<p><\/p>\n<p><strong>Deadline<\/strong><\/p>\n<p><\/p>\n<p><\/p>\n<p>Article 2. In consumer purchases, goods may be returned within at least 14 days of delivery, provided that a receipt or comparable proof is presented. However, this provision never limits any better rights that consumers may have under law or a contract with the seller.<\/p>\n<p><\/p>\n<p><\/p>\n<p>Regarding Article 2.<\/p>\n<p><\/p>\n<p><\/p>\n<p>This states that when returning a product, the consumer must prove the purchase and the date of purchase by presenting a receipt or other comparable proof, such as a note that satisfactorily shows when the product was purchased. The procedural rules are primarily set to resolve problems regarding the return of non-defective products, i.e. the consumer&#039;s right to return. However, the law contains provisions on the consumer&#039;s remedies for non-defective products if the product proves to be defective, as well as time limits for reporting such defects. The procedural rules are in no way intended to replace such rules and can therefore never restrict the consumer&#039;s rights that he may have under the law. The same applies if the consumer and the seller reach an agreement that the consumer shall have more rights than are provided for in the minimum criteria. It is natural for this to be stated in the rules.<\/p>\n<p><\/p>\n<p><\/p>\n<p><\/p>\n<p><\/p>\n<p><\/p>\n<p><\/p>\n<p>Return rules:<a href=\"https:\/\/www.stjornarradid.is\/efst-a-baugi\/frettir\/stok-frett\/2000\/12\/09\/Skilarettur-verklagsreglur\/\">https:\/\/www.stjornarradid.is\/efst-a-baugi\/frettir\/stok-frett\/2000\/12\/09\/Skilarettur-verklagsreglur<\/a><\/p>\n<p><\/p>\t\t\t\t\t\t\t\t<\/div>\n\t\t\t\t<\/div>\n\t\t\t\t\t<\/div>\n\t\t<\/div>\n\t\t\t\t\t<\/div>\n\t\t<\/section>\n\t\t\t\t<\/div>","protected":false},"excerpt":{"rendered":"<p>Kaupandi getur skila\u00f0 v\u00f6ru keypt af seljanda innan 14 daga. Vi\u00f0 skil \u00e1 v\u00f6ru \u00fearf h\u00fan a\u00f0 vera \u00ed upprunalegu \u00e1standi og \u00f3notu\u00f0 ,\u00e1samt umb\u00fa\u00f0um og skulu \u00fe\u00e6r vera \u00ed s\u00f6luh\u00e6fu \u00e1standi. Ef vara er innsiglu\u00f0 m\u00e1 ekki rj\u00fafa innsigli\u00f0. Ef kaupandi vill ekki skipta v\u00f6runni fyrir a\u00f0ra v\u00f6ru ver\u00f0ur gefin \u00fat inneignarn\u00f3ta eftir a\u00f0 [&hellip;]<\/p>\n","protected":false},"author":1,"featured_media":0,"parent":0,"menu_order":0,"comment_status":"closed","ping_status":"closed","template":"elementor_header_footer","meta":{"site-sidebar-layout":"default","site-content-layout":"default","ast-site-content-layout":"default","site-content-style":"default","site-sidebar-style":"default","ast-global-header-display":"","ast-banner-title-visibility":"","ast-main-header-display":"","ast-hfb-above-header-display":"","ast-hfb-below-header-display":"","ast-hfb-mobile-header-display":"","site-post-title":"","ast-breadcrumbs-content":"","ast-featured-img":"","footer-sml-layout":"","ast-disable-related-posts":"","theme-transparent-header-meta":"default","adv-header-id-meta":"","stick-header-meta":"","header-above-stick-meta":"","header-main-stick-meta":"","header-below-stick-meta":"","astra-migrate-meta-layouts":"default","ast-page-background-enabled":"default","ast-page-background-meta":{"desktop":{"background-color":"","background-image":"","background-repeat":"repeat","background-position":"center center","background-size":"auto","background-attachment":"scroll","background-type":"","background-media":"","overlay-type":"","overlay-color":"","overlay-opacity":"","overlay-gradient":""},"tablet":{"background-color":"","background-image":"","background-repeat":"repeat","background-position":"center center","background-size":"auto","background-attachment":"scroll","background-type":"","background-media":"","overlay-type":"","overlay-color":"","overlay-opacity":"","overlay-gradient":""},"mobile":{"background-color":"","background-image":"","background-repeat":"repeat","background-position":"center center","background-size":"auto","background-attachment":"scroll","background-type":"","background-media":"","overlay-type":"","overlay-color":"","overlay-opacity":"","overlay-gradient":""}},"ast-content-background-meta":{"desktop":{"background-color":"var(--ast-global-color-5)","background-image":"","background-repeat":"repeat","background-position":"center center","background-size":"auto","background-attachment":"scroll","background-type":"","background-media":"","overlay-type":"","overlay-color":"","overlay-opacity":"","overlay-gradient":""},"tablet":{"background-color":"var(--ast-global-color-5)","background-image":"","background-repeat":"repeat","background-position":"center center","background-size":"auto","background-attachment":"scroll","background-type":"","background-media":"","overlay-type":"","overlay-color":"","overlay-opacity":"","overlay-gradient":""},"mobile":{"background-color":"var(--ast-global-color-5)","background-image":"","background-repeat":"repeat","background-position":"center center","background-size":"auto","background-attachment":"scroll","background-type":"","background-media":"","overlay-type":"","overlay-color":"","overlay-opacity":"","overlay-gradient":""}},"footnotes":""},"class_list":["post-3182","page","type-page","status-publish","hentry"],"_links":{"self":[{"href":"https:\/\/www.hundadot.is\/en\/wp-json\/wp\/v2\/pages\/3182","targetHints":{"allow":["GET"]}}],"collection":[{"href":"https:\/\/www.hundadot.is\/en\/wp-json\/wp\/v2\/pages"}],"about":[{"href":"https:\/\/www.hundadot.is\/en\/wp-json\/wp\/v2\/types\/page"}],"author":[{"embeddable":true,"href":"https:\/\/www.hundadot.is\/en\/wp-json\/wp\/v2\/users\/1"}],"replies":[{"embeddable":true,"href":"https:\/\/www.hundadot.is\/en\/wp-json\/wp\/v2\/comments?post=3182"}],"version-history":[{"count":0,"href":"https:\/\/www.hundadot.is\/en\/wp-json\/wp\/v2\/pages\/3182\/revisions"}],"wp:attachment":[{"href":"https:\/\/www.hundadot.is\/en\/wp-json\/wp\/v2\/media?parent=3182"}],"curies":[{"name":"wp","href":"https:\/\/api.w.org\/{rel}","templated":true}]}}