{"id":3011,"date":"2021-08-04T22:06:06","date_gmt":"2021-08-04T22:06:06","guid":{"rendered":"https:\/\/www.hundadot.is\/?page_id=3011"},"modified":"2021-08-08T10:12:39","modified_gmt":"2021-08-08T10:12:39","slug":"vafrakokur-skilmalar-um-notkun-theirra","status":"publish","type":"page","link":"https:\/\/www.hundadot.is\/en\/vafrakokur-skilmalar-um-notkun-theirra\/","title":{"rendered":"Browser cookies"},"content":{"rendered":"<div data-elementor-type=\"wp-page\" data-elementor-id=\"3011\" class=\"elementor elementor-3011\" data-elementor-post-type=\"page\">\n\t\t\t\t\t\t<section class=\"elementor-section elementor-top-section elementor-element elementor-element-d94a45f elementor-section-boxed elementor-section-height-default elementor-section-height-default\" data-id=\"d94a45f\" data-element_type=\"section\" data-e-type=\"section\">\n\t\t\t\t\t\t<div class=\"elementor-container elementor-column-gap-default\">\n\t\t\t\t\t<div class=\"elementor-column elementor-col-100 elementor-top-column elementor-element elementor-element-2738fc2\" data-id=\"2738fc2\" data-element_type=\"column\" data-e-type=\"column\">\n\t\t\t<div class=\"elementor-widget-wrap\">\n\t\t\t\t\t\t\t<\/div>\n\t\t<\/div>\n\t\t\t\t\t<\/div>\n\t\t<\/section>\n\t\t\t\t<section class=\"elementor-section elementor-top-section elementor-element elementor-element-829893c elementor-section-boxed elementor-section-height-default elementor-section-height-default\" data-id=\"829893c\" data-element_type=\"section\" data-e-type=\"section\">\n\t\t\t\t\t\t<div class=\"elementor-container elementor-column-gap-default\">\n\t\t\t\t\t<div class=\"elementor-column elementor-col-100 elementor-top-column elementor-element elementor-element-584670f\" data-id=\"584670f\" data-element_type=\"column\" data-e-type=\"column\">\n\t\t\t<div class=\"elementor-widget-wrap\">\n\t\t\t\t\t\t\t<\/div>\n\t\t<\/div>\n\t\t\t\t\t<\/div>\n\t\t<\/section>\n\t\t\t\t<section class=\"elementor-section elementor-top-section elementor-element elementor-element-275847f elementor-section-boxed elementor-section-height-default elementor-section-height-default\" data-id=\"275847f\" data-element_type=\"section\" data-e-type=\"section\">\n\t\t\t\t\t\t<div class=\"elementor-container elementor-column-gap-default\">\n\t\t\t\t\t<div class=\"elementor-column elementor-col-100 elementor-top-column elementor-element elementor-element-abcb392\" data-id=\"abcb392\" data-element_type=\"column\" data-e-type=\"column\">\n\t\t\t<div class=\"elementor-widget-wrap elementor-element-populated\">\n\t\t\t\t\t\t<div class=\"elementor-element elementor-element-e33064d elementor-widget elementor-widget-spacer\" data-id=\"e33064d\" data-element_type=\"widget\" data-e-type=\"widget\" data-widget_type=\"spacer.default\">\n\t\t\t\t<div class=\"elementor-widget-container\">\n\t\t\t\t\t\t\t<div class=\"elementor-spacer\">\n\t\t\t<div class=\"elementor-spacer-inner\"><\/div>\n\t\t<\/div>\n\t\t\t\t\t\t<\/div>\n\t\t\t\t<\/div>\n\t\t\t\t<div class=\"elementor-element elementor-element-6c483a7 elementor-widget elementor-widget-spacer\" data-id=\"6c483a7\" data-element_type=\"widget\" data-e-type=\"widget\" data-widget_type=\"spacer.default\">\n\t\t\t\t<div class=\"elementor-widget-container\">\n\t\t\t\t\t\t\t<div class=\"elementor-spacer\">\n\t\t\t<div class=\"elementor-spacer-inner\"><\/div>\n\t\t<\/div>\n\t\t\t\t\t\t<\/div>\n\t\t\t\t<\/div>\n\t\t\t\t\t<\/div>\n\t\t<\/div>\n\t\t\t\t\t<\/div>\n\t\t<\/section>\n\t\t\t\t<section class=\"elementor-section elementor-top-section elementor-element elementor-element-ff303a0 elementor-section-boxed elementor-section-height-default elementor-section-height-default\" data-id=\"ff303a0\" data-element_type=\"section\" data-e-type=\"section\">\n\t\t\t\t\t\t<div class=\"elementor-container elementor-column-gap-default\">\n\t\t\t\t\t<div class=\"elementor-column elementor-col-100 elementor-top-column elementor-element elementor-element-c486423\" data-id=\"c486423\" data-element_type=\"column\" data-e-type=\"column\">\n\t\t\t<div class=\"elementor-widget-wrap elementor-element-populated\">\n\t\t\t\t\t\t<div class=\"elementor-element elementor-element-3f8d5cf elementor-widget elementor-widget-spacer\" data-id=\"3f8d5cf\" data-element_type=\"widget\" data-e-type=\"widget\" data-widget_type=\"spacer.default\">\n\t\t\t\t<div class=\"elementor-widget-container\">\n\t\t\t\t\t\t\t<div class=\"elementor-spacer\">\n\t\t\t<div class=\"elementor-spacer-inner\"><\/div>\n\t\t<\/div>\n\t\t\t\t\t\t<\/div>\n\t\t\t\t<\/div>\n\t\t\t\t<div class=\"elementor-element elementor-element-ac1c0e9 elementor-widget elementor-widget-spacer\" data-id=\"ac1c0e9\" data-element_type=\"widget\" data-e-type=\"widget\" data-widget_type=\"spacer.default\">\n\t\t\t\t<div class=\"elementor-widget-container\">\n\t\t\t\t\t\t\t<div class=\"elementor-spacer\">\n\t\t\t<div class=\"elementor-spacer-inner\"><\/div>\n\t\t<\/div>\n\t\t\t\t\t\t<\/div>\n\t\t\t\t<\/div>\n\t\t\t\t<div class=\"elementor-element elementor-element-a275cd3 elementor-widget elementor-widget-text-editor\" data-id=\"a275cd3\" data-element_type=\"widget\" data-e-type=\"widget\" data-widget_type=\"text-editor.default\">\n\t\t\t\t<div class=\"elementor-widget-container\">\n\t\t\t\t\t\t\t\t\t<p><strong>Hundad\u00f3t.is about the use of cookies<\/strong><\/p><ol><li><strong> What are cookies?<\/strong><\/li><\/ol><p>Cookies are small text files that are stored in your browser. Cookies are used for a variety of purposes, including improving the functionality of websites, analyzing website usage, and targeting advertising to specific groups or individuals. Cookies can contain text, numbers, or information such as dates, but do not store any personal information about users.<\/p><ol start=\"2\"><li><strong> Hundad\u00f3t.is&#039;s use of cookies<\/strong><\/li><\/ol><p>By accepting Hundad\u00f3t.is&#039;s terms and conditions regarding the use of cookies, Hundad\u00f3t.is is granted permission to:<\/p><ul><li>identify users who have visited the website before and tailor searches and services to visitors in accordance with the identification,<\/li><li>to make it easier for users to navigate the website, for example by remembering previous actions,<\/li><li>to develop and improve the website&#039;s services by gaining insight into its use,<\/li><li>to display advertisements to users<\/li><\/ul><p>Hundad\u00f3t.is also uses third-party services to analyze website traffic, measure ad effectiveness, and serve personalized ads to visitors. Examples include Google Analytics from Google and Facebook Pixel from Facebook. Analytics and Pixel collect information anonymously and provide reports on website developments without identifying individual users or personal information. Google Analytics and Facebook Pixels use their own cookies to track visitor interactions with the website. Based on this, Hundad\u00f3t.is reserves the right to serve ads to users through these third-party remarketing systems.<\/p><ol start=\"3\"><li><strong> Shelf life<\/strong><\/li><\/ol><p>Cookies from Hundad\u00f3t.is are stored for up to 24 months from the time a user visits the Hundad\u00f3t.is website.<\/p><ol start=\"4\"><li><strong> Disable the use of cookies<\/strong><\/li><\/ol><p>Users can and are always allowed to set their browser to disable the use of cookies, so that they are not saved or the web browser asks for users&#039; permission first. Such changes may reduce access to certain pages on the website or the website as a whole and may negatively affect overall functionality.<br \/>Instructions on how to disable cookies or change your cookie settings can be found on your browser&#039;s website or\u00a0<a href=\"http:\/\/www.allaboutcookies.org\/\">www.allaboutcookies.org<\/a>.<\/p><ol start=\"5\"><li><strong> Hundad\u00f3t.is&#039;s handling of personal information<\/strong><\/li><\/ol><p>When you use our web interface, we also collect personal information through cookies, IP addresses, and other information related to the device you are using (such as hardware type, operating system version, etc.). You can choose whether you prefer to provide us with this information. See more in the Hundad\u00f3t.is Privacy Policy. .<\/p>\t\t\t\t\t\t\t\t<\/div>\n\t\t\t\t<\/div>\n\t\t\t\t<div class=\"elementor-element elementor-element-08f781a elementor-widget elementor-widget-spacer\" data-id=\"08f781a\" data-element_type=\"widget\" data-e-type=\"widget\" data-widget_type=\"spacer.default\">\n\t\t\t\t<div class=\"elementor-widget-container\">\n\t\t\t\t\t\t\t<div class=\"elementor-spacer\">\n\t\t\t<div class=\"elementor-spacer-inner\"><\/div>\n\t\t<\/div>\n\t\t\t\t\t\t<\/div>\n\t\t\t\t<\/div>\n\t\t\t\t\t<\/div>\n\t\t<\/div>\n\t\t\t\t\t<\/div>\n\t\t<\/section>\n\t\t\t\t<\/div>","protected":false},"excerpt":{"rendered":"<p>Hundad\u00f3t.is um notkun \u00e1 vafrak\u00f6kum (\u201ecookies\u201c) Hva\u00f0 eru vafrak\u00f6kur? Vafrak\u00f6kur eru agnarsm\u00e1ar textaskr\u00e1r sem eru geymdir \u00ed vafraranum \u00fe\u00ednum. Vafrak\u00f6kur eru nota\u00f0ar \u00ed margv\u00edslegum tilgangi, \u00fear \u00e1 me\u00f0al til \u00feess a\u00f0 b\u00e6ta virkni vefs\u00ed\u00f0na, til greiningar \u00e1 notkun vefs\u00ed\u00f0na og til a\u00f0 beina augl\u00fdsingum til \u00e1kve\u00f0inna h\u00f3pa e\u00f0a einstaklinga. Vafrak\u00f6kur geta innihaldi\u00f0 texta, n\u00famer e\u00f0a [&hellip;]<\/p>\n","protected":false},"author":1,"featured_media":0,"parent":0,"menu_order":0,"comment_status":"closed","ping_status":"closed","template":"","meta":{"site-sidebar-layout":"no-sidebar","site-content-layout":"page-builder","ast-site-content-layout":"default","site-content-style":"default","site-sidebar-style":"default","ast-global-header-display":"","ast-banner-title-visibility":"","ast-main-header-display":"","ast-hfb-above-header-display":"","ast-hfb-below-header-display":"","ast-hfb-mobile-header-display":"","site-post-title":"disabled","ast-breadcrumbs-content":"","ast-featured-img":"disabled","footer-sml-layout":"","ast-disable-related-posts":"","theme-transparent-header-meta":"default","adv-header-id-meta":"","stick-header-meta":"","header-above-stick-meta":"","header-main-stick-meta":"","header-below-stick-meta":"","astra-migrate-meta-layouts":"default","ast-page-background-enabled":"default","ast-page-background-meta":{"desktop":{"background-color":"","background-image":"","background-repeat":"repeat","background-position":"center center","background-size":"auto","background-attachment":"scroll","background-type":"","background-media":"","overlay-type":"","overlay-color":"","overlay-opacity":"","overlay-gradient":""},"tablet":{"background-color":"","background-image":"","background-repeat":"repeat","background-position":"center center","background-size":"auto","background-attachment":"scroll","background-type":"","background-media":"","overlay-type":"","overlay-color":"","overlay-opacity":"","overlay-gradient":""},"mobile":{"background-color":"","background-image":"","background-repeat":"repeat","background-position":"center center","background-size":"auto","background-attachment":"scroll","background-type":"","background-media":"","overlay-type":"","overlay-color":"","overlay-opacity":"","overlay-gradient":""}},"ast-content-background-meta":{"desktop":{"background-color":"var(--ast-global-color-5)","background-image":"","background-repeat":"repeat","background-position":"center center","background-size":"auto","background-attachment":"scroll","background-type":"","background-media":"","overlay-type":"","overlay-color":"","overlay-opacity":"","overlay-gradient":""},"tablet":{"background-color":"var(--ast-global-color-5)","background-image":"","background-repeat":"repeat","background-position":"center center","background-size":"auto","background-attachment":"scroll","background-type":"","background-media":"","overlay-type":"","overlay-color":"","overlay-opacity":"","overlay-gradient":""},"mobile":{"background-color":"var(--ast-global-color-5)","background-image":"","background-repeat":"repeat","background-position":"center center","background-size":"auto","background-attachment":"scroll","background-type":"","background-media":"","overlay-type":"","overlay-color":"","overlay-opacity":"","overlay-gradient":""}},"footnotes":""},"class_list":["post-3011","page","type-page","status-publish","hentry"],"_links":{"self":[{"href":"https:\/\/www.hundadot.is\/en\/wp-json\/wp\/v2\/pages\/3011","targetHints":{"allow":["GET"]}}],"collection":[{"href":"https:\/\/www.hundadot.is\/en\/wp-json\/wp\/v2\/pages"}],"about":[{"href":"https:\/\/www.hundadot.is\/en\/wp-json\/wp\/v2\/types\/page"}],"author":[{"embeddable":true,"href":"https:\/\/www.hundadot.is\/en\/wp-json\/wp\/v2\/users\/1"}],"replies":[{"embeddable":true,"href":"https:\/\/www.hundadot.is\/en\/wp-json\/wp\/v2\/comments?post=3011"}],"version-history":[{"count":0,"href":"https:\/\/www.hundadot.is\/en\/wp-json\/wp\/v2\/pages\/3011\/revisions"}],"wp:attachment":[{"href":"https:\/\/www.hundadot.is\/en\/wp-json\/wp\/v2\/media?parent=3011"}],"curies":[{"name":"wp","href":"https:\/\/api.w.org\/{rel}","templated":true}]}}