{"id":2981,"date":"2021-08-04T21:45:03","date_gmt":"2021-08-04T21:45:03","guid":{"rendered":"https:\/\/www.hundadot.is\/?page_id=2981"},"modified":"2021-08-19T13:31:07","modified_gmt":"2021-08-19T13:31:07","slug":"skilmalar-hja-hundadot-is","status":"publish","type":"page","link":"https:\/\/www.hundadot.is\/en\/skilmalar-hja-hundadot-is\/","title":{"rendered":"Terms of use hundad\u00f3t.is"},"content":{"rendered":"<div data-elementor-type=\"wp-page\" data-elementor-id=\"2981\" class=\"elementor elementor-2981\" data-elementor-post-type=\"page\">\n\t\t\t\t\t\t<section class=\"elementor-section elementor-top-section elementor-element elementor-element-5ae64b4 elementor-section-boxed elementor-section-height-default elementor-section-height-default\" data-id=\"5ae64b4\" data-element_type=\"section\" data-e-type=\"section\">\n\t\t\t\t\t\t<div class=\"elementor-container elementor-column-gap-default\">\n\t\t\t\t\t<div class=\"elementor-column elementor-col-100 elementor-top-column elementor-element elementor-element-1f1136f\" data-id=\"1f1136f\" data-element_type=\"column\" data-e-type=\"column\">\n\t\t\t<div class=\"elementor-widget-wrap elementor-element-populated\">\n\t\t\t\t\t\t<div class=\"elementor-element elementor-element-10f728a elementor-widget elementor-widget-spacer\" data-id=\"10f728a\" data-element_type=\"widget\" data-e-type=\"widget\" data-widget_type=\"spacer.default\">\n\t\t\t\t<div class=\"elementor-widget-container\">\n\t\t\t\t\t\t\t<div class=\"elementor-spacer\">\n\t\t\t<div class=\"elementor-spacer-inner\"><\/div>\n\t\t<\/div>\n\t\t\t\t\t\t<\/div>\n\t\t\t\t<\/div>\n\t\t\t\t\t<\/div>\n\t\t<\/div>\n\t\t\t\t\t<\/div>\n\t\t<\/section>\n\t\t\t\t<section class=\"elementor-section elementor-top-section elementor-element elementor-element-6513a43 elementor-section-boxed elementor-section-height-default elementor-section-height-default\" data-id=\"6513a43\" data-element_type=\"section\" data-e-type=\"section\">\n\t\t\t\t\t\t<div class=\"elementor-container elementor-column-gap-default\">\n\t\t\t\t\t<div class=\"elementor-column elementor-col-100 elementor-top-column elementor-element elementor-element-2649145\" data-id=\"2649145\" data-element_type=\"column\" data-e-type=\"column\">\n\t\t\t<div class=\"elementor-widget-wrap elementor-element-populated\">\n\t\t\t\t\t\t<div class=\"elementor-element elementor-element-d20a872 elementor-widget elementor-widget-spacer\" data-id=\"d20a872\" data-element_type=\"widget\" data-e-type=\"widget\" data-widget_type=\"spacer.default\">\n\t\t\t\t<div class=\"elementor-widget-container\">\n\t\t\t\t\t\t\t<div class=\"elementor-spacer\">\n\t\t\t<div class=\"elementor-spacer-inner\"><\/div>\n\t\t<\/div>\n\t\t\t\t\t\t<\/div>\n\t\t\t\t<\/div>\n\t\t\t\t\t<\/div>\n\t\t<\/div>\n\t\t\t\t\t<\/div>\n\t\t<\/section>\n\t\t\t\t<section class=\"elementor-section elementor-top-section elementor-element elementor-element-72c4952 elementor-section-boxed elementor-section-height-default elementor-section-height-default\" data-id=\"72c4952\" data-element_type=\"section\" data-e-type=\"section\">\n\t\t\t\t\t\t<div class=\"elementor-container elementor-column-gap-default\">\n\t\t\t\t\t<div class=\"elementor-column elementor-col-100 elementor-top-column elementor-element elementor-element-3173f57\" data-id=\"3173f57\" data-element_type=\"column\" data-e-type=\"column\">\n\t\t\t<div class=\"elementor-widget-wrap elementor-element-populated\">\n\t\t\t\t\t\t<div class=\"elementor-element elementor-element-5841a55 elementor-widget elementor-widget-spacer\" data-id=\"5841a55\" data-element_type=\"widget\" data-e-type=\"widget\" data-widget_type=\"spacer.default\">\n\t\t\t\t<div class=\"elementor-widget-container\">\n\t\t\t\t\t\t\t<div class=\"elementor-spacer\">\n\t\t\t<div class=\"elementor-spacer-inner\"><\/div>\n\t\t<\/div>\n\t\t\t\t\t\t<\/div>\n\t\t\t\t<\/div>\n\t\t\t\t\t<\/div>\n\t\t<\/div>\n\t\t\t\t\t<\/div>\n\t\t<\/section>\n\t\t\t\t<section class=\"elementor-section elementor-top-section elementor-element elementor-element-363f9b7 elementor-section-boxed elementor-section-height-default elementor-section-height-default\" data-id=\"363f9b7\" data-element_type=\"section\" data-e-type=\"section\">\n\t\t\t\t\t\t<div class=\"elementor-container elementor-column-gap-default\">\n\t\t\t\t\t<div class=\"elementor-column elementor-col-100 elementor-top-column elementor-element elementor-element-1cee4ee\" data-id=\"1cee4ee\" data-element_type=\"column\" data-e-type=\"column\">\n\t\t\t<div class=\"elementor-widget-wrap elementor-element-populated\">\n\t\t\t\t\t\t<div class=\"elementor-element elementor-element-1c8d0e6 elementor-widget elementor-widget-text-editor\" data-id=\"1c8d0e6\" data-element_type=\"widget\" data-e-type=\"widget\" data-widget_type=\"text-editor.default\">\n\t\t\t\t<div class=\"elementor-widget-container\">\n\t\t\t\t\t\t\t\t\t<p><strong>Terms and conditions<\/strong><\/p><p>\u00a0<\/p><p>The following terms and conditions apply to the purchase of products from Hundad\u00f3t.is to consumers.<\/p><p>\u00a0<\/p><p><strong>\u2013 Order<\/strong><\/p><p>Orders are binding when they are registered on the seller&#039;s server. This happens when the buyer has confirmed the order in step 3. The seller is also bound to process the buyer&#039;s order as long as it is in accordance with the product range and pricing. The buyer has the right to cancel the purchase according to the Consumer Purchase Act, see more in the article <strong><em>Right to defects or deficiencies. <\/em><\/strong>The seller sends the buyer a confirmation when an order is placed, but only if the buyer has registered their email address when purchasing. The buyer is advised to carefully review the order confirmation when it is received. You should also make sure that it is consistent with the intended order.<\/p><p><strong>\u2013 Information<\/strong><\/p><p>The seller provides information about products to the best of his knowledge at any time. The seller publishes all information subject to faults, viruses, printing, display and typing errors in text, prices and images. Furthermore, the seller reserves the right to cancel the buyer&#039;s order in whole or in part if the product is sold out. Under such circumstances, the buyer will receive a notification along with information about what could possibly be a suitable replacement. The buyer will then have the option to accept the proposal or cancel the order in its entirety.<\/p><p><strong>\u2013 Price<\/strong><\/p><p>Prices are constantly changing at the seller due to competition and supplier price changes. Price increases that occur after a customer&#039;s order are not reversible. The price that applies is the one that was in effect when the order was placed and is stated on the order confirmation.<br \/>The total cost is stated before the buyer finally confirms the order. It includes all costs related to the order, such as service, shipping, etc. Only special cases may involve additional costs after order confirmation.<\/p><p><strong>\u2013 Payment<\/strong><\/p><p>You can pay for your order by credit card. When paying by credit card, the amount is debited when the order is processed from stock. If payment for an online order is not received within 1 hour, the seller reserves the right to cancel the order.<\/p><p><strong>\u2013 Delivery and delay<\/strong><\/p><p>Delivery is considered to be within a reasonable time frame from the date of invoice. The purchase process will state what to expect based on the selected shipping method. The seller only delivers products within Iceland. If delivery is delayed, the seller will notify the buyer along with information about when the order will be ready for delivery or offer a substitute product if the product is out of stock.<\/p><p>\u00a0<\/p><p><strong>\u2013 Product review<\/strong><\/p><p>After the buyer has received the order, he must check whether it is in accordance with the order confirmation, whether anything has been damaged in transit and that all products are according to the product description and are not defective. These terms and conditions assume that the buyer has read and familiarized himself with the instructions and\/or manual that accompany the purchased product upon delivery,<\/p><p><strong style=\"font-style: inherit;\">\u2013 Right to defects or deficiencies<\/strong><\/p><p>If the product is defective or something is missing from the product, the seller is obliged to offer the buyer a repair, a new product, a discount or a cancellation of the purchase. It depends on the circumstances which method is chosen in each case. Notification of a defect must be received verbally or in writing. It is recommended that the notification be received within 7 days of the defect being discovered. The consumer&#039;s right to have a defect repaired is in accordance with the Consumer Purchase Act No. 48\/2003. The seller reserves the right to verify that the product is defective, although within a reasonable time limit.<\/p><p><strong>\u2013 Warranty<\/strong><\/p><p>The seller&#039;s warranties do not result in restrictions on rights provided for in the Consumer Purchase Act. Warranty for defects in a product is in accordance with the Consumer Purchase Act 48\/2003.<\/p><p>Warranty is not confirmed unless a receipt is presented. The warranty does not cover normal wear and tear of the device or the use of consumables, i.e. it does not cover devices that are considered normal to last less than 2 years. However, the general complaint period is 2 years.<\/p><p><strong>\u2013 Privacy<\/strong><\/p><p>All personal information received by the seller is treated as strictly confidential and is only used for the purpose of completing a transaction.<br \/>However, the buyer has the option of receiving an offer via email, and the seller will only use the information required for this purpose, such as a mailing address.<\/p><p>Click\u00a0<a href=\"https:\/\/elko.is\/cookie-policy\">here<\/a>\u00a0to view Hundadot.is&#039;s terms and conditions regarding the use of cookies.<\/p><p><strong>\u2013 Property rights<\/strong><\/p><p>Sold goods remain the property of the seller until the purchase price is paid in full.<\/p><p><strong>\u2013 Services and information<\/strong><\/p><p>The buyer is advised to send an email with all the information regarding the purchase to hundadot@hundadot.is to get a solution to what he needs. The Hundad\u00f3t.is service phone number is 5626400 and is open from 12-16 every weekday. We encourage our customers to use the service phone number if they wish to receive further information.<\/p><p><strong>We deliver the product to the post office for FREE for customers, but they pay the shipping costs themselves, unless the order is for 10,000 kr or more.<\/strong><\/p><p><strong>\u00a0<\/strong><\/p><p>\u2013 Hundad\u00f3t.is tries its best to ensure that the website contains correct information.<\/p><p>+<\/p><p>\u2013 Hundad\u00f3t.is is operated by the company L\u00e9ttarlausnir sfl, ID number 550616-0330. VAT number is 124980. <a href=\"https:\/\/www.skatturinn.is\/fyrirtaekjaskra\/leit\/kennitala\/5506160330\">https:\/\/www.skatturinn.is\/fyrirtaekjaskra\/leit\/kennitala\/5506160330<\/a><\/p><p>\u00a0<\/p><p>\u00a0<\/p>\t\t\t\t\t\t\t\t<\/div>\n\t\t\t\t<\/div>\n\t\t\t\t\t<\/div>\n\t\t<\/div>\n\t\t\t\t\t<\/div>\n\t\t<\/section>\n\t\t\t\t<\/div>","protected":false},"excerpt":{"rendered":"<p>Skilm\u00e1lar \u00a0 Eftirfarandi skilm\u00e1lar gilda vi\u00f0 kaup \u00e1 v\u00f6rum hj\u00e1 Hundad\u00f3t.is til neytenda. \u00a0 &#8211; P\u00f6ntun P\u00f6ntun eru bindandi \u00feegar h\u00fan er skr\u00e1\u00f0 \u00e1 net\u00fej\u00f3n seljanda. \u00dea\u00f0 gerist \u00feegar kaupandi hefur sta\u00f0fest p\u00f6ntun \u00ed skrefi 3. Seljandi er einnig bundinn til a\u00f0 afgrei\u00f0a p\u00f6ntun kaupanda svo lengi sem h\u00fan er \u00ed samr\u00e6mi vi\u00f0 v\u00f6ru\u00farval og [&hellip;]<\/p>\n","protected":false},"author":1,"featured_media":0,"parent":0,"menu_order":0,"comment_status":"closed","ping_status":"closed","template":"elementor_header_footer","meta":{"site-sidebar-layout":"no-sidebar","site-content-layout":"page-builder","ast-site-content-layout":"default","site-content-style":"default","site-sidebar-style":"default","ast-global-header-display":"","ast-banner-title-visibility":"","ast-main-header-display":"","ast-hfb-above-header-display":"","ast-hfb-below-header-display":"","ast-hfb-mobile-header-display":"","site-post-title":"disabled","ast-breadcrumbs-content":"","ast-featured-img":"disabled","footer-sml-layout":"","ast-disable-related-posts":"","theme-transparent-header-meta":"default","adv-header-id-meta":"","stick-header-meta":"","header-above-stick-meta":"","header-main-stick-meta":"","header-below-stick-meta":"","astra-migrate-meta-layouts":"default","ast-page-background-enabled":"default","ast-page-background-meta":{"desktop":{"background-color":"","background-image":"","background-repeat":"repeat","background-position":"center center","background-size":"auto","background-attachment":"scroll","background-type":"","background-media":"","overlay-type":"","overlay-color":"","overlay-opacity":"","overlay-gradient":""},"tablet":{"background-color":"","background-image":"","background-repeat":"repeat","background-position":"center center","background-size":"auto","background-attachment":"scroll","background-type":"","background-media":"","overlay-type":"","overlay-color":"","overlay-opacity":"","overlay-gradient":""},"mobile":{"background-color":"","background-image":"","background-repeat":"repeat","background-position":"center center","background-size":"auto","background-attachment":"scroll","background-type":"","background-media":"","overlay-type":"","overlay-color":"","overlay-opacity":"","overlay-gradient":""}},"ast-content-background-meta":{"desktop":{"background-color":"var(--ast-global-color-5)","background-image":"","background-repeat":"repeat","background-position":"center center","background-size":"auto","background-attachment":"scroll","background-type":"","background-media":"","overlay-type":"","overlay-color":"","overlay-opacity":"","overlay-gradient":""},"tablet":{"background-color":"var(--ast-global-color-5)","background-image":"","background-repeat":"repeat","background-position":"center center","background-size":"auto","background-attachment":"scroll","background-type":"","background-media":"","overlay-type":"","overlay-color":"","overlay-opacity":"","overlay-gradient":""},"mobile":{"background-color":"var(--ast-global-color-5)","background-image":"","background-repeat":"repeat","background-position":"center center","background-size":"auto","background-attachment":"scroll","background-type":"","background-media":"","overlay-type":"","overlay-color":"","overlay-opacity":"","overlay-gradient":""}},"footnotes":""},"class_list":["post-2981","page","type-page","status-publish","hentry"],"_links":{"self":[{"href":"https:\/\/www.hundadot.is\/en\/wp-json\/wp\/v2\/pages\/2981","targetHints":{"allow":["GET"]}}],"collection":[{"href":"https:\/\/www.hundadot.is\/en\/wp-json\/wp\/v2\/pages"}],"about":[{"href":"https:\/\/www.hundadot.is\/en\/wp-json\/wp\/v2\/types\/page"}],"author":[{"embeddable":true,"href":"https:\/\/www.hundadot.is\/en\/wp-json\/wp\/v2\/users\/1"}],"replies":[{"embeddable":true,"href":"https:\/\/www.hundadot.is\/en\/wp-json\/wp\/v2\/comments?post=2981"}],"version-history":[{"count":0,"href":"https:\/\/www.hundadot.is\/en\/wp-json\/wp\/v2\/pages\/2981\/revisions"}],"wp:attachment":[{"href":"https:\/\/www.hundadot.is\/en\/wp-json\/wp\/v2\/media?parent=2981"}],"curies":[{"name":"wp","href":"https:\/\/api.w.org\/{rel}","templated":true}]}}