{"id":11008,"date":"2024-01-15T13:35:05","date_gmt":"2024-01-15T13:35:05","guid":{"rendered":"https:\/\/www.hundadot.is\/wholesale-registration-page-2\/"},"modified":"2025-02-03T10:41:24","modified_gmt":"2025-02-03T10:41:24","slug":"heildsala-umsokn","status":"publish","type":"page","link":"https:\/\/www.hundadot.is\/en\/heildsala-umsokn\/","title":{"rendered":"Application to become a reseller"},"content":{"rendered":"<div data-elementor-type=\"wp-page\" data-elementor-id=\"11008\" class=\"elementor elementor-11008\" data-elementor-post-type=\"page\">\n\t\t\t\t\t\t<section class=\"elementor-section elementor-top-section elementor-element elementor-element-affca3b elementor-section-boxed elementor-section-height-default elementor-section-height-default\" data-id=\"affca3b\" data-element_type=\"section\" data-e-type=\"section\">\n\t\t\t\t\t\t<div class=\"elementor-container elementor-column-gap-default\">\n\t\t\t\t\t<div class=\"elementor-column elementor-col-100 elementor-top-column elementor-element elementor-element-51785e0\" data-id=\"51785e0\" data-element_type=\"column\" data-e-type=\"column\">\n\t\t\t<div class=\"elementor-widget-wrap elementor-element-populated\">\n\t\t\t\t\t\t<div class=\"elementor-element elementor-element-a17ec62 elementor-widget elementor-widget-heading\" data-id=\"a17ec62\" data-element_type=\"widget\" data-e-type=\"widget\" data-widget_type=\"heading.default\">\n\t\t\t\t<div class=\"elementor-widget-container\">\n\t\t\t\t\t<h2 class=\"elementor-heading-title elementor-size-default\">Do you want to join our group of resellers of our products?<\/h2>\t\t\t\t<\/div>\n\t\t\t\t<\/div>\n\t\t\t\t<div class=\"elementor-element elementor-element-3f9fd49 elementor-widget elementor-widget-text-editor\" data-id=\"3f9fd49\" data-element_type=\"widget\" data-e-type=\"widget\" data-widget_type=\"text-editor.default\">\n\t\t\t\t<div class=\"elementor-widget-container\">\n\t\t\t\t\t\t\t\t\t<p>We are looking for strong resellers of our products. Brands such as TrueLove, Neakasa and Pawzler. Our policy is not to be in all stores but to only have one store in each area. We want our resellers to get to know the products well and be able to provide personal and good service with our products.<\/p><p>If you think you would be a good fit for our team, please apply and we will review your application as quickly and accurately as we can.<\/p>\t\t\t\t\t\t\t\t<\/div>\n\t\t\t\t<\/div>\n\t\t\t\t\t<\/div>\n\t\t<\/div>\n\t\t\t\t\t<\/div>\n\t\t<\/section>\n\t\t\t\t<section class=\"elementor-section elementor-top-section elementor-element elementor-element-7d775c91 elementor-section-boxed elementor-section-height-default elementor-section-height-default\" data-id=\"7d775c91\" data-element_type=\"section\" data-e-type=\"section\">\n\t\t\t\t\t\t<div class=\"elementor-container elementor-column-gap-default\">\n\t\t\t\t\t<div class=\"elementor-column elementor-col-100 elementor-top-column elementor-element elementor-element-1ef8f51e\" data-id=\"1ef8f51e\" data-element_type=\"column\" data-e-type=\"column\">\n\t\t\t<div class=\"elementor-widget-wrap elementor-element-populated\">\n\t\t\t\t\t\t<div class=\"elementor-element elementor-element-5489d891 elementor-widget elementor-widget-shortcode\" data-id=\"5489d891\" data-element_type=\"widget\" data-e-type=\"widget\" data-widget_type=\"shortcode.default\">\n\t\t\t\t<div class=\"elementor-widget-container\">\n\t\t\t\t\t<style>.elementor-element-5489d891{display:none !important}<\/style>\t\t\t\t<\/div>\n\t\t\t\t<\/div>\n\t\t\t\t\t<\/div>\n\t\t<\/div>\n\t\t\t\t\t<\/div>\n\t\t<\/section>\n\t\t\t\t<section class=\"elementor-section elementor-top-section elementor-element elementor-element-61d2b1c elementor-section-boxed elementor-section-height-default elementor-section-height-default\" data-id=\"61d2b1c\" data-element_type=\"section\" data-e-type=\"section\">\n\t\t\t\t\t\t<div class=\"elementor-container elementor-column-gap-default\">\n\t\t\t\t\t<div class=\"elementor-column elementor-col-100 elementor-top-column elementor-element elementor-element-5db92bb\" data-id=\"5db92bb\" data-element_type=\"column\" data-e-type=\"column\">\n\t\t\t<div class=\"elementor-widget-wrap elementor-element-populated\">\n\t\t\t\t\t\t<div class=\"elementor-element elementor-element-9b7c992 elementor-widget elementor-widget-heading\" data-id=\"9b7c992\" data-element_type=\"widget\" data-e-type=\"widget\" data-widget_type=\"heading.default\">\n\t\t\t\t<div class=\"elementor-widget-container\">\n\t\t\t\t\t<h2 class=\"elementor-heading-title elementor-size-default\">Our partners are:<\/h2>\t\t\t\t<\/div>\n\t\t\t\t<\/div>\n\t\t\t\t\t<\/div>\n\t\t<\/div>\n\t\t\t\t\t<\/div>\n\t\t<\/section>\n\t\t\t\t<section class=\"elementor-section elementor-top-section elementor-element elementor-element-d1ee881 elementor-section-boxed elementor-section-height-default elementor-section-height-default\" data-id=\"d1ee881\" data-element_type=\"section\" data-e-type=\"section\">\n\t\t\t\t\t\t<div class=\"elementor-container elementor-column-gap-default\">\n\t\t\t\t\t<div class=\"elementor-column elementor-col-33 elementor-top-column elementor-element elementor-element-61ebb97\" data-id=\"61ebb97\" data-element_type=\"column\" data-e-type=\"column\">\n\t\t\t<div class=\"elementor-widget-wrap elementor-element-populated\">\n\t\t\t\t\t\t<div class=\"elementor-element elementor-element-e430867 elementor-widget elementor-widget-image\" data-id=\"e430867\" data-element_type=\"widget\" data-e-type=\"widget\" data-widget_type=\"image.default\">\n\t\t\t\t<div class=\"elementor-widget-container\">\n\t\t\t\t\t\t\t\t\t\t\t\t\t\t\t<img fetchpriority=\"high\" decoding=\"async\" width=\"1024\" height=\"768\" src=\"https:\/\/www.hundadot.is\/wp-content\/uploads\/2023\/11\/LOGO-1024x768.jpg\" class=\"attachment-large size-large wp-image-10518\" alt=\"\" srcset=\"https:\/\/www.hundadot.is\/wp-content\/uploads\/2023\/11\/LOGO-1024x768.jpg 1024w, https:\/\/www.hundadot.is\/wp-content\/uploads\/2023\/11\/LOGO-800x600.jpg 800w, https:\/\/www.hundadot.is\/wp-content\/uploads\/2023\/11\/LOGO-768x576.jpg 768w, https:\/\/www.hundadot.is\/wp-content\/uploads\/2023\/11\/LOGO-1536x1152.jpg 1536w, https:\/\/www.hundadot.is\/wp-content\/uploads\/2023\/11\/LOGO-16x12.jpg 16w, https:\/\/www.hundadot.is\/wp-content\/uploads\/2023\/11\/LOGO.jpg 1750w\" sizes=\"(max-width: 1024px) 100vw, 1024px\" \/>\t\t\t\t\t\t\t\t\t\t\t\t\t\t\t<\/div>\n\t\t\t\t<\/div>\n\t\t\t\t\t<\/div>\n\t\t<\/div>\n\t\t\t\t<div class=\"elementor-column elementor-col-33 elementor-top-column elementor-element elementor-element-f61743e\" data-id=\"f61743e\" data-element_type=\"column\" data-e-type=\"column\">\n\t\t\t<div class=\"elementor-widget-wrap elementor-element-populated\">\n\t\t\t\t\t\t<div class=\"elementor-element elementor-element-f2a5887 elementor-widget elementor-widget-image\" data-id=\"f2a5887\" data-element_type=\"widget\" data-e-type=\"widget\" data-widget_type=\"image.default\">\n\t\t\t\t<div class=\"elementor-widget-container\">\n\t\t\t\t\t\t\t\t\t\t\t\t\t\t\t<img decoding=\"async\" width=\"1024\" height=\"1024\" src=\"https:\/\/www.hundadot.is\/wp-content\/uploads\/2024\/01\/OFFEO-offeo-video-49-1024x1024.png\" class=\"attachment-large size-large wp-image-11075\" alt=\"\" srcset=\"https:\/\/www.hundadot.is\/wp-content\/uploads\/2024\/01\/OFFEO-offeo-video-49-1024x1024.png 1024w, https:\/\/www.hundadot.is\/wp-content\/uploads\/2024\/01\/OFFEO-offeo-video-49-100x100.png 100w, https:\/\/www.hundadot.is\/wp-content\/uploads\/2024\/01\/OFFEO-offeo-video-49-800x800.png 800w, https:\/\/www.hundadot.is\/wp-content\/uploads\/2024\/01\/OFFEO-offeo-video-49-768x768.png 768w, https:\/\/www.hundadot.is\/wp-content\/uploads\/2024\/01\/OFFEO-offeo-video-49-12x12.png 12w, https:\/\/www.hundadot.is\/wp-content\/uploads\/2024\/01\/OFFEO-offeo-video-49.png 1080w\" sizes=\"(max-width: 1024px) 100vw, 1024px\" \/>\t\t\t\t\t\t\t\t\t\t\t\t\t\t\t<\/div>\n\t\t\t\t<\/div>\n\t\t\t\t\t<\/div>\n\t\t<\/div>\n\t\t\t\t<div class=\"elementor-column elementor-col-33 elementor-top-column elementor-element elementor-element-63c790a\" data-id=\"63c790a\" data-element_type=\"column\" data-e-type=\"column\">\n\t\t\t<div class=\"elementor-widget-wrap elementor-element-populated\">\n\t\t\t\t\t\t<div class=\"elementor-element elementor-element-cca8d9a elementor-widget elementor-widget-image\" data-id=\"cca8d9a\" data-element_type=\"widget\" data-e-type=\"widget\" data-widget_type=\"image.default\">\n\t\t\t\t<div class=\"elementor-widget-container\">\n\t\t\t\t\t\t\t\t\t\t\t\t\t\t\t<img decoding=\"async\" width=\"960\" height=\"960\" src=\"https:\/\/www.hundadot.is\/wp-content\/uploads\/2024\/01\/FacebookProfile.png\" class=\"attachment-large size-large wp-image-11080\" alt=\"\" srcset=\"https:\/\/www.hundadot.is\/wp-content\/uploads\/2024\/01\/FacebookProfile.png 960w, https:\/\/www.hundadot.is\/wp-content\/uploads\/2024\/01\/FacebookProfile-100x100.png 100w, https:\/\/www.hundadot.is\/wp-content\/uploads\/2024\/01\/FacebookProfile-800x800.png 800w, https:\/\/www.hundadot.is\/wp-content\/uploads\/2024\/01\/FacebookProfile-768x768.png 768w, https:\/\/www.hundadot.is\/wp-content\/uploads\/2024\/01\/FacebookProfile-12x12.png 12w\" sizes=\"(max-width: 960px) 100vw, 960px\" \/>\t\t\t\t\t\t\t\t\t\t\t\t\t\t\t<\/div>\n\t\t\t\t<\/div>\n\t\t\t\t\t<\/div>\n\t\t<\/div>\n\t\t\t\t\t<\/div>\n\t\t<\/section>\n\t\t\t\t<\/div>","protected":false},"excerpt":{"rendered":"<p>Viltu koma \u00ed h\u00f3p endurs\u00f6lu a\u00f0eila \u00e1 v\u00f6rum hj\u00e1 okkur ? Vi\u00f0 leitum a\u00f0 \u00f6flugum endurs\u00f6lua\u00f0ilum \u00e1 v\u00f6rum hj\u00e1 okkur. V\u00f6rumerki eins og TrueLove, Neakasa og Pawzler. Okkar stefna er ekki a\u00f0 vera \u00ed \u00f6llum verslunum heldur a\u00f0 vera einungis me\u00f0 eina verslun \u00e1 hverju sv\u00e6\u00f0i. Vi\u00f0 viljum a\u00f0 okkar endurs\u00f6lua\u00f0ilar kynni s\u00e9r v\u00f6rurnar vel [&hellip;]<\/p>\n","protected":false},"author":1,"featured_media":0,"parent":0,"menu_order":0,"comment_status":"closed","ping_status":"closed","template":"","meta":{"site-sidebar-layout":"default","site-content-layout":"","ast-site-content-layout":"default","site-content-style":"default","site-sidebar-style":"default","ast-global-header-display":"","ast-banner-title-visibility":"","ast-main-header-display":"","ast-hfb-above-header-display":"","ast-hfb-below-header-display":"","ast-hfb-mobile-header-display":"","site-post-title":"","ast-breadcrumbs-content":"","ast-featured-img":"","footer-sml-layout":"","ast-disable-related-posts":"","theme-transparent-header-meta":"","adv-header-id-meta":"","stick-header-meta":"","header-above-stick-meta":"","header-main-stick-meta":"","header-below-stick-meta":"","astra-migrate-meta-layouts":"default","ast-page-background-enabled":"default","ast-page-background-meta":{"desktop":{"background-color":"","background-image":"","background-repeat":"repeat","background-position":"center center","background-size":"auto","background-attachment":"scroll","background-type":"","background-media":"","overlay-type":"","overlay-color":"","overlay-opacity":"","overlay-gradient":""},"tablet":{"background-color":"","background-image":"","background-repeat":"repeat","background-position":"center center","background-size":"auto","background-attachment":"scroll","background-type":"","background-media":"","overlay-type":"","overlay-color":"","overlay-opacity":"","overlay-gradient":""},"mobile":{"background-color":"","background-image":"","background-repeat":"repeat","background-position":"center center","background-size":"auto","background-attachment":"scroll","background-type":"","background-media":"","overlay-type":"","overlay-color":"","overlay-opacity":"","overlay-gradient":""}},"ast-content-background-meta":{"desktop":{"background-color":"var(--ast-global-color-5)","background-image":"","background-repeat":"repeat","background-position":"center center","background-size":"auto","background-attachment":"scroll","background-type":"","background-media":"","overlay-type":"","overlay-color":"","overlay-opacity":"","overlay-gradient":""},"tablet":{"background-color":"var(--ast-global-color-5)","background-image":"","background-repeat":"repeat","background-position":"center center","background-size":"auto","background-attachment":"scroll","background-type":"","background-media":"","overlay-type":"","overlay-color":"","overlay-opacity":"","overlay-gradient":""},"mobile":{"background-color":"var(--ast-global-color-5)","background-image":"","background-repeat":"repeat","background-position":"center center","background-size":"auto","background-attachment":"scroll","background-type":"","background-media":"","overlay-type":"","overlay-color":"","overlay-opacity":"","overlay-gradient":""}},"footnotes":""},"class_list":["post-11008","page","type-page","status-publish","hentry"],"_links":{"self":[{"href":"https:\/\/www.hundadot.is\/en\/wp-json\/wp\/v2\/pages\/11008","targetHints":{"allow":["GET"]}}],"collection":[{"href":"https:\/\/www.hundadot.is\/en\/wp-json\/wp\/v2\/pages"}],"about":[{"href":"https:\/\/www.hundadot.is\/en\/wp-json\/wp\/v2\/types\/page"}],"author":[{"embeddable":true,"href":"https:\/\/www.hundadot.is\/en\/wp-json\/wp\/v2\/users\/1"}],"replies":[{"embeddable":true,"href":"https:\/\/www.hundadot.is\/en\/wp-json\/wp\/v2\/comments?post=11008"}],"version-history":[{"count":0,"href":"https:\/\/www.hundadot.is\/en\/wp-json\/wp\/v2\/pages\/11008\/revisions"}],"wp:attachment":[{"href":"https:\/\/www.hundadot.is\/en\/wp-json\/wp\/v2\/media?parent=11008"}],"curies":[{"name":"wp","href":"https:\/\/api.w.org\/{rel}","templated":true}]}}