{"id":10515,"date":"2023-11-06T15:11:24","date_gmt":"2023-11-06T15:11:24","guid":{"rendered":"https:\/\/www.hundadot.is\/?page_id=10515"},"modified":"2026-03-12T13:32:07","modified_gmt":"2026-03-12T13:32:07","slug":"endursolu-adilar","status":"publish","type":"page","link":"https:\/\/www.hundadot.is\/en\/endursolu-adilar\/","title":{"rendered":"Resellers"},"content":{"rendered":"\t\t<div data-elementor-type=\"wp-page\" data-elementor-id=\"10515\" class=\"elementor elementor-10515\" data-elementor-post-type=\"page\">\n\t\t\t\t\t\t<section class=\"elementor-section elementor-top-section elementor-element elementor-element-35f2dec4 elementor-section-content-middle elementor-section-boxed elementor-section-height-default elementor-section-height-default\" data-id=\"35f2dec4\" data-element_type=\"section\" data-e-type=\"section\" data-settings=\"{&quot;background_background&quot;:&quot;gradient&quot;}\">\n\t\t\t\t\t\t\t<div class=\"elementor-background-overlay\"><\/div>\n\t\t\t\t\t\t\t<div class=\"elementor-container elementor-column-gap-default\">\n\t\t\t\t\t<div class=\"elementor-column elementor-col-25 elementor-top-column elementor-element elementor-element-493e4949\" data-id=\"493e4949\" data-element_type=\"column\" data-e-type=\"column\">\n\t\t\t<div class=\"elementor-widget-wrap elementor-element-populated\">\n\t\t\t\t\t\t<div class=\"elementor-element elementor-element-3da4292f elementor-widget elementor-widget-image\" data-id=\"3da4292f\" data-element_type=\"widget\" data-e-type=\"widget\" data-widget_type=\"image.default\">\n\t\t\t\t<div class=\"elementor-widget-container\">\n\t\t\t\t\t\t\t\t\t\t\t\t\t\t\t<img fetchpriority=\"high\" decoding=\"async\" width=\"512\" height=\"512\" src=\"https:\/\/www.hundadot.is\/wp-content\/uploads\/2020\/02\/cropped-transparant-1.png\" class=\"attachment-large size-large wp-image-2909\" alt=\"\" srcset=\"https:\/\/www.hundadot.is\/wp-content\/uploads\/2020\/02\/cropped-transparant-1.png 512w, https:\/\/www.hundadot.is\/wp-content\/uploads\/2020\/02\/cropped-transparant-1-300x300.png 300w, https:\/\/www.hundadot.is\/wp-content\/uploads\/2020\/02\/cropped-transparant-1-150x150.png 150w, https:\/\/www.hundadot.is\/wp-content\/uploads\/2020\/02\/cropped-transparant-1-12x12.png 12w, https:\/\/www.hundadot.is\/wp-content\/uploads\/2020\/02\/cropped-transparant-1-100x100.png 100w, https:\/\/www.hundadot.is\/wp-content\/uploads\/2020\/02\/cropped-transparant-1-270x270.png 270w, https:\/\/www.hundadot.is\/wp-content\/uploads\/2020\/02\/cropped-transparant-1-192x192.png 192w, https:\/\/www.hundadot.is\/wp-content\/uploads\/2020\/02\/cropped-transparant-1-180x180.png 180w, https:\/\/www.hundadot.is\/wp-content\/uploads\/2020\/02\/cropped-transparant-1-32x32.png 32w\" sizes=\"(max-width: 512px) 100vw, 512px\" \/>\t\t\t\t\t\t\t\t\t\t\t\t\t\t\t<\/div>\n\t\t\t\t<\/div>\n\t\t\t\t\t<\/div>\n\t\t<\/div>\n\t\t\t\t<div class=\"elementor-column elementor-col-50 elementor-top-column elementor-element elementor-element-2c1e780\" data-id=\"2c1e780\" data-element_type=\"column\" data-e-type=\"column\">\n\t\t\t<div class=\"elementor-widget-wrap elementor-element-populated\">\n\t\t\t\t\t\t<div class=\"elementor-element elementor-element-5096a16d elementor-widget elementor-widget-heading\" data-id=\"5096a16d\" data-element_type=\"widget\" data-e-type=\"widget\" data-widget_type=\"heading.default\">\n\t\t\t\t<div class=\"elementor-widget-container\">\n\t\t\t\t\t<h1 class=\"elementor-heading-title elementor-size-default\">Endurs\u00f6lu a\u00f0ilar<\/h1>\t\t\t\t<\/div>\n\t\t\t\t<\/div>\n\t\t\t\t\t<\/div>\n\t\t<\/div>\n\t\t\t\t<div class=\"elementor-column elementor-col-25 elementor-top-column elementor-element elementor-element-471c702a\" data-id=\"471c702a\" data-element_type=\"column\" data-e-type=\"column\">\n\t\t\t<div class=\"elementor-widget-wrap\">\n\t\t\t\t\t\t\t<\/div>\n\t\t<\/div>\n\t\t\t\t\t<\/div>\n\t\t<\/section>\n\t\t\t\t<section class=\"elementor-section elementor-top-section elementor-element elementor-element-4dcaa7c elementor-section-content-middle elementor-section-boxed elementor-section-height-default elementor-section-height-default\" data-id=\"4dcaa7c\" data-element_type=\"section\" data-e-type=\"section\" data-settings=\"{&quot;background_background&quot;:&quot;gradient&quot;}\">\n\t\t\t\t\t\t\t<div class=\"elementor-background-overlay\"><\/div>\n\t\t\t\t\t\t\t<div class=\"elementor-container elementor-column-gap-default\">\n\t\t\t\t\t<div class=\"elementor-column elementor-col-50 elementor-top-column elementor-element elementor-element-6f6ddba\" data-id=\"6f6ddba\" data-element_type=\"column\" data-e-type=\"column\">\n\t\t\t<div class=\"elementor-widget-wrap elementor-element-populated\">\n\t\t\t\t\t\t<div class=\"elementor-element elementor-element-01372c4 elementor-widget elementor-widget-image\" data-id=\"01372c4\" data-element_type=\"widget\" data-e-type=\"widget\" data-widget_type=\"image.default\">\n\t\t\t\t<div class=\"elementor-widget-container\">\n\t\t\t\t\t\t\t\t\t\t\t\t\t\t\t<img decoding=\"async\" width=\"960\" height=\"960\" src=\"https:\/\/www.hundadot.is\/wp-content\/uploads\/2024\/01\/FacebookProfile.png\" class=\"attachment-large size-large wp-image-11080\" alt=\"\" srcset=\"https:\/\/www.hundadot.is\/wp-content\/uploads\/2024\/01\/FacebookProfile.png 960w, https:\/\/www.hundadot.is\/wp-content\/uploads\/2024\/01\/FacebookProfile-100x100.png 100w, https:\/\/www.hundadot.is\/wp-content\/uploads\/2024\/01\/FacebookProfile-800x800.png 800w, https:\/\/www.hundadot.is\/wp-content\/uploads\/2024\/01\/FacebookProfile-768x768.png 768w, https:\/\/www.hundadot.is\/wp-content\/uploads\/2024\/01\/FacebookProfile-12x12.png 12w\" sizes=\"(max-width: 960px) 100vw, 960px\" \/>\t\t\t\t\t\t\t\t\t\t\t\t\t\t\t<\/div>\n\t\t\t\t<\/div>\n\t\t\t\t\t<\/div>\n\t\t<\/div>\n\t\t\t\t<div class=\"elementor-column elementor-col-50 elementor-top-column elementor-element elementor-element-a373539\" data-id=\"a373539\" data-element_type=\"column\" data-e-type=\"column\">\n\t\t\t<div class=\"elementor-widget-wrap elementor-element-populated\">\n\t\t\t\t\t\t<div class=\"elementor-element elementor-element-1b2ba37 elementor-widget elementor-widget-heading\" data-id=\"1b2ba37\" data-element_type=\"widget\" data-e-type=\"widget\" data-widget_type=\"heading.default\">\n\t\t\t\t<div class=\"elementor-widget-container\">\n\t\t\t\t\t<h2 class=\"elementor-heading-title elementor-size-default\">Endurs\u00f6lua\u00f0ili \u00e1 Vestmannaeyjar <br>[TrueLove][Pawzler]<br><\/h2>\t\t\t\t<\/div>\n\t\t\t\t<\/div>\n\t\t\t\t<div class=\"elementor-element elementor-element-d497b6d elementor-widget__width-initial elementor-widget elementor-widget-text-editor\" data-id=\"d497b6d\" data-element_type=\"widget\" data-e-type=\"widget\" data-widget_type=\"text-editor.default\">\n\t\t\t\t<div class=\"elementor-widget-container\">\n\t\t\t\t\t\t\t\t\t<p>Eyjadyr.is er sm\u00e1v\u00f6ruverslun sem selur \u00fea\u00f0 helsta til hunda- og kattahalds \u00e1 g\u00f3\u00f0u ver\u00f0i. F\u00f3\u00f0ur, nammi, beisli, \u00f3lar og tauma. Vi\u00f0 viljum \u00fea\u00f0 besta fyrir d\u00fdrin okkar og leggjum okkur fram \u00ed a\u00f0 halda \u00farvali g\u00f3\u00f0u<\/p>\t\t\t\t\t\t\t\t<\/div>\n\t\t\t\t<\/div>\n\t\t\t\t<div class=\"elementor-element elementor-element-56c3c33 elementor-align-right elementor-widget elementor-widget-button\" data-id=\"56c3c33\" data-element_type=\"widget\" data-e-type=\"widget\" data-widget_type=\"button.default\">\n\t\t\t\t<div class=\"elementor-widget-container\">\n\t\t\t\t\t\t\t\t\t<div class=\"elementor-button-wrapper\">\n\t\t\t\t\t<a class=\"elementor-button elementor-button-link elementor-size-sm\" href=\"https:\/\/eyjadyr.is\/\">\n\t\t\t\t\t\t<span class=\"elementor-button-content-wrapper\">\n\t\t\t\t\t\t\t\t\t<span class=\"elementor-button-text\">Til Verslunar<\/span>\n\t\t\t\t\t<\/span>\n\t\t\t\t\t<\/a>\n\t\t\t\t<\/div>\n\t\t\t\t\t\t\t\t<\/div>\n\t\t\t\t<\/div>\n\t\t\t\t\t<\/div>\n\t\t<\/div>\n\t\t\t\t\t<\/div>\n\t\t<\/section>\n\t\t\t\t<section class=\"elementor-section elementor-top-section elementor-element elementor-element-9360e49 elementor-section-boxed elementor-section-height-default elementor-section-height-default\" data-id=\"9360e49\" data-element_type=\"section\" data-e-type=\"section\" data-settings=\"{&quot;background_background&quot;:&quot;classic&quot;}\">\n\t\t\t\t\t\t<div class=\"elementor-container elementor-column-gap-default\">\n\t\t\t\t\t<div class=\"elementor-column elementor-col-100 elementor-top-column elementor-element elementor-element-607757bc\" data-id=\"607757bc\" data-element_type=\"column\" data-e-type=\"column\">\n\t\t\t<div class=\"elementor-widget-wrap elementor-element-populated\">\n\t\t\t\t\t\t<section class=\"elementor-section elementor-inner-section elementor-element elementor-element-1eb371cd elementor-section-content-middle elementor-section-boxed elementor-section-height-default elementor-section-height-default\" data-id=\"1eb371cd\" data-element_type=\"section\" data-e-type=\"section\">\n\t\t\t\t\t\t<div class=\"elementor-container elementor-column-gap-default\">\n\t\t\t\t\t<div class=\"elementor-column elementor-col-66 elementor-inner-column elementor-element elementor-element-51be8db9\" data-id=\"51be8db9\" data-element_type=\"column\" data-e-type=\"column\">\n\t\t\t<div class=\"elementor-widget-wrap elementor-element-populated\">\n\t\t\t\t\t\t<div class=\"elementor-element elementor-element-468ae3db elementor-widget elementor-widget-heading\" data-id=\"468ae3db\" data-element_type=\"widget\" data-e-type=\"widget\" data-widget_type=\"heading.default\">\n\t\t\t\t<div class=\"elementor-widget-container\">\n\t\t\t\t\t<h2 class=\"elementor-heading-title elementor-size-default\">K\u00edktu \u00ed verslanir endurs\u00f6lua\u00f0ila okkar.<\/h2>\t\t\t\t<\/div>\n\t\t\t\t<\/div>\n\t\t\t\t\t<\/div>\n\t\t<\/div>\n\t\t\t\t<div class=\"elementor-column elementor-col-33 elementor-inner-column elementor-element elementor-element-c2be915\" data-id=\"c2be915\" data-element_type=\"column\" data-e-type=\"column\">\n\t\t\t<div class=\"elementor-widget-wrap\">\n\t\t\t\t\t\t\t<\/div>\n\t\t<\/div>\n\t\t\t\t\t<\/div>\n\t\t<\/section>\n\t\t\t\t\t<\/div>\n\t\t<\/div>\n\t\t\t\t\t<\/div>\n\t\t<\/section>\n\t\t\t\t<section class=\"elementor-section elementor-top-section elementor-element elementor-element-1882809b elementor-section-stretched elementor-section-full_width elementor-section-height-default elementor-section-height-default\" data-id=\"1882809b\" data-element_type=\"section\" data-e-type=\"section\" data-settings=\"{&quot;stretch_section&quot;:&quot;section-stretched&quot;}\">\n\t\t\t\t\t\t<div class=\"elementor-container elementor-column-gap-default\">\n\t\t\t\t\t<div class=\"elementor-column elementor-col-100 elementor-top-column elementor-element elementor-element-6e3c5f13\" data-id=\"6e3c5f13\" data-element_type=\"column\" data-e-type=\"column\">\n\t\t\t<div class=\"elementor-widget-wrap elementor-element-populated\">\n\t\t\t\t\t\t<div class=\"elementor-element elementor-element-1faa415f elementor-widget elementor-widget-image\" data-id=\"1faa415f\" data-element_type=\"widget\" data-e-type=\"widget\" data-widget_type=\"image.default\">\n\t\t\t\t<div class=\"elementor-widget-container\">\n\t\t\t\t\t\t\t\t\t\t\t\t\t\t\t<img decoding=\"async\" src=\"https:\/\/www.hundadot.is\/wp-content\/uploads\/2019\/06\/graphic05-free-img.png\" title=\"\" alt=\"\" loading=\"lazy\" \/>\t\t\t\t\t\t\t\t\t\t\t\t\t\t\t<\/div>\n\t\t\t\t<\/div>\n\t\t\t\t\t<\/div>\n\t\t<\/div>\n\t\t\t\t\t<\/div>\n\t\t<\/section>\n\t\t\t\t<section class=\"elementor-section elementor-top-section elementor-element elementor-element-0b4a826 elementor-section-boxed elementor-section-height-default elementor-section-height-default\" data-id=\"0b4a826\" data-element_type=\"section\" data-e-type=\"section\">\n\t\t\t\t\t\t<div class=\"elementor-container elementor-column-gap-default\">\n\t\t\t\t\t<div class=\"elementor-column elementor-col-100 elementor-top-column elementor-element elementor-element-2f5cf06\" data-id=\"2f5cf06\" data-element_type=\"column\" data-e-type=\"column\">\n\t\t\t<div class=\"elementor-widget-wrap\">\n\t\t\t\t\t\t\t<\/div>\n\t\t<\/div>\n\t\t\t\t\t<\/div>\n\t\t<\/section>\n\t\t\t\t<\/div>\n\t\t","protected":false},"excerpt":{"rendered":"<p>Endurs\u00f6lu a\u00f0ilar Endurs\u00f6lua\u00f0ili \u00e1 Vestmannaeyjar [TrueLove][Pawzler] Eyjadyr.is er sm\u00e1v\u00f6ruverslun sem selur \u00fea\u00f0 helsta til hunda- og kattahalds \u00e1 g\u00f3\u00f0u ver\u00f0i. F\u00f3\u00f0ur, nammi, beisli, \u00f3lar og tauma. Vi\u00f0 viljum \u00fea\u00f0 besta fyrir d\u00fdrin okkar og leggjum okkur fram \u00ed a\u00f0 halda \u00farvali g\u00f3\u00f0u Til Verslunar K\u00edktu \u00ed verslanir endurs\u00f6lua\u00f0ila okkar.<\/p>\n","protected":false},"author":1,"featured_media":0,"parent":0,"menu_order":0,"comment_status":"closed","ping_status":"closed","template":"","meta":{"site-sidebar-layout":"no-sidebar","site-content-layout":"page-builder","ast-site-content-layout":"full-width-container","site-content-style":"default","site-sidebar-style":"default","ast-global-header-display":"","ast-banner-title-visibility":"","ast-main-header-display":"","ast-hfb-above-header-display":"","ast-hfb-below-header-display":"","ast-hfb-mobile-header-display":"","site-post-title":"disabled","ast-breadcrumbs-content":"","ast-featured-img":"disabled","footer-sml-layout":"","ast-disable-related-posts":"","theme-transparent-header-meta":"","adv-header-id-meta":"","stick-header-meta":"","header-above-stick-meta":"","header-main-stick-meta":"","header-below-stick-meta":"","astra-migrate-meta-layouts":"set","ast-page-background-enabled":"default","ast-page-background-meta":{"desktop":{"background-color":"","background-image":"","background-repeat":"repeat","background-position":"center center","background-size":"auto","background-attachment":"scroll","background-type":"","background-media":"","overlay-type":"","overlay-color":"","overlay-opacity":"","overlay-gradient":""},"tablet":{"background-color":"","background-image":"","background-repeat":"repeat","background-position":"center center","background-size":"auto","background-attachment":"scroll","background-type":"","background-media":"","overlay-type":"","overlay-color":"","overlay-opacity":"","overlay-gradient":""},"mobile":{"background-color":"","background-image":"","background-repeat":"repeat","background-position":"center center","background-size":"auto","background-attachment":"scroll","background-type":"","background-media":"","overlay-type":"","overlay-color":"","overlay-opacity":"","overlay-gradient":""}},"ast-content-background-meta":{"desktop":{"background-color":"var(--ast-global-color-5)","background-image":"","background-repeat":"repeat","background-position":"center center","background-size":"auto","background-attachment":"scroll","background-type":"","background-media":"","overlay-type":"","overlay-color":"","overlay-opacity":"","overlay-gradient":""},"tablet":{"background-color":"var(--ast-global-color-5)","background-image":"","background-repeat":"repeat","background-position":"center center","background-size":"auto","background-attachment":"scroll","background-type":"","background-media":"","overlay-type":"","overlay-color":"","overlay-opacity":"","overlay-gradient":""},"mobile":{"background-color":"var(--ast-global-color-5)","background-image":"","background-repeat":"repeat","background-position":"center center","background-size":"auto","background-attachment":"scroll","background-type":"","background-media":"","overlay-type":"","overlay-color":"","overlay-opacity":"","overlay-gradient":""}},"footnotes":""},"class_list":["post-10515","page","type-page","status-publish","hentry"],"_links":{"self":[{"href":"https:\/\/www.hundadot.is\/en\/wp-json\/wp\/v2\/pages\/10515","targetHints":{"allow":["GET"]}}],"collection":[{"href":"https:\/\/www.hundadot.is\/en\/wp-json\/wp\/v2\/pages"}],"about":[{"href":"https:\/\/www.hundadot.is\/en\/wp-json\/wp\/v2\/types\/page"}],"author":[{"embeddable":true,"href":"https:\/\/www.hundadot.is\/en\/wp-json\/wp\/v2\/users\/1"}],"replies":[{"embeddable":true,"href":"https:\/\/www.hundadot.is\/en\/wp-json\/wp\/v2\/comments?post=10515"}],"version-history":[{"count":6,"href":"https:\/\/www.hundadot.is\/en\/wp-json\/wp\/v2\/pages\/10515\/revisions"}],"predecessor-version":[{"id":13920,"href":"https:\/\/www.hundadot.is\/en\/wp-json\/wp\/v2\/pages\/10515\/revisions\/13920"}],"wp:attachment":[{"href":"https:\/\/www.hundadot.is\/en\/wp-json\/wp\/v2\/media?parent=10515"}],"curies":[{"name":"wp","href":"https:\/\/api.w.org\/{rel}","templated":true}]}}